{"id":8267,"date":"2025-10-26T12:08:09","date_gmt":"2025-10-26T12:08:09","guid":{"rendered":"https:\/\/aramiso-test.verteco.app\/?product=sklo-cire-kalene-lepene-s-otvormi-6"},"modified":"2025-10-26T12:08:18","modified_gmt":"2025-10-26T12:08:18","slug":"sklo-cire-kalene-lepene-s-otvormi-6","status":"publish","type":"product","link":"https:\/\/aramiso-test.verteco.app\/?product=sklo-cire-kalene-lepene-s-otvormi-6","title":{"rendered":"Sklo &#8211; \u010d\u00edre, kalen\u00e9, lepen\u00e9 s otvormi"},"content":{"rendered":"<p>Sklo \u010d\u00edre kalen\u00e9, lepen\u00e9 VSG\/ESG, zrazen\u00e9 a le\u0161ten\u00e9 hrany.<\/p>\n","protected":false},"excerpt":{"rendered":"<p>Materi\u00e1l: Sklo, Povrchov\u00e1 \u00faprava: Kalen\u00fd, Glass t: 16,76, Vzh\u013ead: \u010c\u00edre, a: 1330, b: 1000, d: 25, Quality: VSG\/ESG<\/p>\n","protected":false},"featured_media":0,"comment_status":"closed","ping_status":"open","template":"","meta":[],"product_brand":[],"product_cat":[15],"product_tag":[],"class_list":{"0":"post-8267","1":"product","2":"type-product","3":"status-publish","5":"product_cat-uncategorized","7":"first","8":"onbackorder","9":"sale","10":"purchasable","11":"product-type-simple"},"_links":{"self":[{"href":"https:\/\/aramiso-test.verteco.app\/index.php?rest_route=\/wp\/v2\/product\/8267","targetHints":{"allow":["GET"]}}],"collection":[{"href":"https:\/\/aramiso-test.verteco.app\/index.php?rest_route=\/wp\/v2\/product"}],"about":[{"href":"https:\/\/aramiso-test.verteco.app\/index.php?rest_route=\/wp\/v2\/types\/product"}],"replies":[{"embeddable":true,"href":"https:\/\/aramiso-test.verteco.app\/index.php?rest_route=%2Fwp%2Fv2%2Fcomments&post=8267"}],"wp:attachment":[{"href":"https:\/\/aramiso-test.verteco.app\/index.php?rest_route=%2Fwp%2Fv2%2Fmedia&parent=8267"}],"wp:term":[{"taxonomy":"product_brand","embeddable":true,"href":"https:\/\/aramiso-test.verteco.app\/index.php?rest_route=%2Fwp%2Fv2%2Fproduct_brand&post=8267"},{"taxonomy":"product_cat","embeddable":true,"href":"https:\/\/aramiso-test.verteco.app\/index.php?rest_route=%2Fwp%2Fv2%2Fproduct_cat&post=8267"},{"taxonomy":"product_tag","embeddable":true,"href":"https:\/\/aramiso-test.verteco.app\/index.php?rest_route=%2Fwp%2Fv2%2Fproduct_tag&post=8267"}],"curies":[{"name":"wp","href":"https:\/\/api.w.org\/{rel}","templated":true}]}}