{"id":8221,"date":"2025-10-26T12:08:02","date_gmt":"2025-10-26T12:08:02","guid":{"rendered":"https:\/\/aramiso-test.verteco.app\/?product=spigot-kotviaci-stlpik-pre-sklo-10"},"modified":"2025-10-26T12:08:04","modified_gmt":"2025-10-26T12:08:04","slug":"spigot-kotviaci-stlpik-pre-sklo-10","status":"publish","type":"product","link":"https:\/\/aramiso-test.verteco.app\/?product=spigot-kotviaci-stlpik-pre-sklo-10","title":{"rendered":"Spigot &#8211; kotviaci st\u013apik pre sklo"},"content":{"rendered":"<p>Spigot &#8211; specialny kruhov\u00fd stlpik na uchyt skla ( bez nutnosti otvoru v skle) poistenie skla &#8211; zverny spoj. Doporu\u010dene pouzitie madla na sklo.<br \/>\nDoporucujeme dokupit 2ks skrutka A4-DIN 913 M10x16 pre 1ks spigot &#8211; pre sklo T=12mm<br \/>\nZapustenie na prirube pre M8 (pozor nie pre M10).<\/p>\n","protected":false},"excerpt":{"rendered":"<p>Materi\u00e1l: Nerez AISI 316, Povrchov\u00e1 \u00faprava: Lesk, Glass t: 12-17,52, Kotvenie: Zhora, G\/h kN: 0,5<\/p>\n","protected":false},"featured_media":0,"comment_status":"closed","ping_status":"open","template":"","meta":[],"product_brand":[],"product_cat":[15],"product_tag":[],"class_list":{"0":"post-8221","1":"product","2":"type-product","3":"status-publish","5":"product_cat-uncategorized","7":"first","8":"onbackorder","9":"sale","10":"purchasable","11":"product-type-simple"},"_links":{"self":[{"href":"https:\/\/aramiso-test.verteco.app\/index.php?rest_route=\/wp\/v2\/product\/8221","targetHints":{"allow":["GET"]}}],"collection":[{"href":"https:\/\/aramiso-test.verteco.app\/index.php?rest_route=\/wp\/v2\/product"}],"about":[{"href":"https:\/\/aramiso-test.verteco.app\/index.php?rest_route=\/wp\/v2\/types\/product"}],"replies":[{"embeddable":true,"href":"https:\/\/aramiso-test.verteco.app\/index.php?rest_route=%2Fwp%2Fv2%2Fcomments&post=8221"}],"wp:attachment":[{"href":"https:\/\/aramiso-test.verteco.app\/index.php?rest_route=%2Fwp%2Fv2%2Fmedia&parent=8221"}],"wp:term":[{"taxonomy":"product_brand","embeddable":true,"href":"https:\/\/aramiso-test.verteco.app\/index.php?rest_route=%2Fwp%2Fv2%2Fproduct_brand&post=8221"},{"taxonomy":"product_cat","embeddable":true,"href":"https:\/\/aramiso-test.verteco.app\/index.php?rest_route=%2Fwp%2Fv2%2Fproduct_cat&post=8221"},{"taxonomy":"product_tag","embeddable":true,"href":"https:\/\/aramiso-test.verteco.app\/index.php?rest_route=%2Fwp%2Fv2%2Fproduct_tag&post=8221"}],"curies":[{"name":"wp","href":"https:\/\/api.w.org\/{rel}","templated":true}]}}