{"id":8172,"date":"2025-08-03T11:26:59","date_gmt":"2025-08-03T11:26:59","guid":{"rendered":"https:\/\/aramiso-test.verteco.app\/?product=tesnenie-gumene-18"},"modified":"2025-08-03T11:27:17","modified_gmt":"2025-08-03T11:27:17","slug":"tesnenie-gumene-18","status":"publish","type":"product","link":"https:\/\/aramiso-test.verteco.app\/?product=tesnenie-gumene-18","title":{"rendered":"Tesnenie gumen\u00e9"},"content":{"rendered":"<p>Tesnenie pre sklo, do madiel A\/6920, AL\/6920, A\/6900.<\/p>\n","protected":false},"excerpt":{"rendered":"<p>Materi\u00e1l: EPDM, Glass t: 16,0-17,5, Vzh\u013ead: \u010cierna, L: 2500, Pou\u017eitie: Interi\u00e9r, Exteri\u00e9r, b: 21,5, h: 4,2<\/p>\n","protected":false},"featured_media":0,"comment_status":"closed","ping_status":"open","template":"","meta":[],"product_brand":[],"product_cat":[15],"product_tag":[],"class_list":{"0":"post-8172","1":"product","2":"type-product","3":"status-publish","5":"product_cat-uncategorized","7":"first","8":"onbackorder","9":"sale","10":"purchasable","11":"product-type-simple"},"_links":{"self":[{"href":"https:\/\/aramiso-test.verteco.app\/index.php?rest_route=\/wp\/v2\/product\/8172","targetHints":{"allow":["GET"]}}],"collection":[{"href":"https:\/\/aramiso-test.verteco.app\/index.php?rest_route=\/wp\/v2\/product"}],"about":[{"href":"https:\/\/aramiso-test.verteco.app\/index.php?rest_route=\/wp\/v2\/types\/product"}],"replies":[{"embeddable":true,"href":"https:\/\/aramiso-test.verteco.app\/index.php?rest_route=%2Fwp%2Fv2%2Fcomments&post=8172"}],"wp:attachment":[{"href":"https:\/\/aramiso-test.verteco.app\/index.php?rest_route=%2Fwp%2Fv2%2Fmedia&parent=8172"}],"wp:term":[{"taxonomy":"product_brand","embeddable":true,"href":"https:\/\/aramiso-test.verteco.app\/index.php?rest_route=%2Fwp%2Fv2%2Fproduct_brand&post=8172"},{"taxonomy":"product_cat","embeddable":true,"href":"https:\/\/aramiso-test.verteco.app\/index.php?rest_route=%2Fwp%2Fv2%2Fproduct_cat&post=8172"},{"taxonomy":"product_tag","embeddable":true,"href":"https:\/\/aramiso-test.verteco.app\/index.php?rest_route=%2Fwp%2Fv2%2Fproduct_tag&post=8172"}],"curies":[{"name":"wp","href":"https:\/\/api.w.org\/{rel}","templated":true}]}}