{"id":8167,"date":"2025-10-26T12:06:55","date_gmt":"2025-10-26T12:06:55","guid":{"rendered":"https:\/\/aramiso-test.verteco.app\/?product=tesnenie-gumene-13"},"modified":"2025-10-26T12:06:55","modified_gmt":"2025-10-26T12:06:55","slug":"tesnenie-gumene-13","status":"publish","type":"product","link":"https:\/\/aramiso-test.verteco.app\/?product=tesnenie-gumene-13","title":{"rendered":"Tesnenie gumen\u00e9"},"content":{"rendered":"<p>Tesnenie pre sklo, do madiel A\/6920, AL\/6920, A\/6900.<\/p>\n","protected":false},"excerpt":{"rendered":"<p>Materi\u00e1l: EPDM, Glass t: 10-12,76, Vzh\u013ead: \u010cierna, L: 5000, Pou\u017eitie: Interi\u00e9r, Exteri\u00e9r, b: 25, h: 4,5<\/p>\n","protected":false},"featured_media":0,"comment_status":"closed","ping_status":"open","template":"","meta":[],"product_brand":[],"product_cat":[15],"product_tag":[],"class_list":{"0":"post-8167","1":"product","2":"type-product","3":"status-publish","5":"product_cat-uncategorized","7":"first","8":"onbackorder","9":"sale","10":"purchasable","11":"product-type-simple"},"_links":{"self":[{"href":"https:\/\/aramiso-test.verteco.app\/index.php?rest_route=\/wp\/v2\/product\/8167","targetHints":{"allow":["GET"]}}],"collection":[{"href":"https:\/\/aramiso-test.verteco.app\/index.php?rest_route=\/wp\/v2\/product"}],"about":[{"href":"https:\/\/aramiso-test.verteco.app\/index.php?rest_route=\/wp\/v2\/types\/product"}],"replies":[{"embeddable":true,"href":"https:\/\/aramiso-test.verteco.app\/index.php?rest_route=%2Fwp%2Fv2%2Fcomments&post=8167"}],"wp:attachment":[{"href":"https:\/\/aramiso-test.verteco.app\/index.php?rest_route=%2Fwp%2Fv2%2Fmedia&parent=8167"}],"wp:term":[{"taxonomy":"product_brand","embeddable":true,"href":"https:\/\/aramiso-test.verteco.app\/index.php?rest_route=%2Fwp%2Fv2%2Fproduct_brand&post=8167"},{"taxonomy":"product_cat","embeddable":true,"href":"https:\/\/aramiso-test.verteco.app\/index.php?rest_route=%2Fwp%2Fv2%2Fproduct_cat&post=8167"},{"taxonomy":"product_tag","embeddable":true,"href":"https:\/\/aramiso-test.verteco.app\/index.php?rest_route=%2Fwp%2Fv2%2Fproduct_tag&post=8167"}],"curies":[{"name":"wp","href":"https:\/\/api.w.org\/{rel}","templated":true}]}}