{"id":8155,"date":"2025-10-26T12:06:48","date_gmt":"2025-10-26T12:06:48","guid":{"rendered":"https:\/\/aramiso-test.verteco.app\/?product=silikon-transparent-310ml"},"modified":"2025-10-26T12:06:53","modified_gmt":"2025-10-26T12:06:53","slug":"silikon-transparent-310ml","status":"publish","type":"product","link":"https:\/\/aramiso-test.verteco.app\/?product=silikon-transparent-310ml","title":{"rendered":"Silikon Transparent 310ml"},"content":{"rendered":"<p>Ide\u00e1lny pre utesnenie v\u0161eobecne: sklo, bet\u00f3n, tehla, murivo, drevo, sadrokart\u00f3n, polykarbon\u00e1t, polyakryl\u00e1t, akryl.<br \/>\nVynikaj\u00faca odolnos\u0165 proti plesniam. Vynikaj\u00faca pri\u013enavos\u0165 a pru\u017enos\u0165. Odolnos\u0165 vo\u010di starnutiu, UV \u017eiareniu a poveternostn\u00fdm vplyvom.<br \/>\nOdolnos\u0165 vo\u010di teplot\u00e1m od -40 \u00b0 C do 100 \u00b0 C.<br \/>\nNem\u00e1 \u017eierav\u00fd \u00fa\u010dinok na kovy.<\/p>\n","protected":false},"excerpt":{"rendered":"<p>Pou\u017eitie: Kotvenie<\/p>\n","protected":false},"featured_media":0,"comment_status":"closed","ping_status":"open","template":"","meta":[],"product_brand":[],"product_cat":[15],"product_tag":[],"class_list":{"0":"post-8155","1":"product","2":"type-product","3":"status-publish","5":"product_cat-uncategorized","7":"first","8":"onbackorder","9":"sale","10":"purchasable","11":"product-type-simple"},"_links":{"self":[{"href":"https:\/\/aramiso-test.verteco.app\/index.php?rest_route=\/wp\/v2\/product\/8155","targetHints":{"allow":["GET"]}}],"collection":[{"href":"https:\/\/aramiso-test.verteco.app\/index.php?rest_route=\/wp\/v2\/product"}],"about":[{"href":"https:\/\/aramiso-test.verteco.app\/index.php?rest_route=\/wp\/v2\/types\/product"}],"replies":[{"embeddable":true,"href":"https:\/\/aramiso-test.verteco.app\/index.php?rest_route=%2Fwp%2Fv2%2Fcomments&post=8155"}],"wp:attachment":[{"href":"https:\/\/aramiso-test.verteco.app\/index.php?rest_route=%2Fwp%2Fv2%2Fmedia&parent=8155"}],"wp:term":[{"taxonomy":"product_brand","embeddable":true,"href":"https:\/\/aramiso-test.verteco.app\/index.php?rest_route=%2Fwp%2Fv2%2Fproduct_brand&post=8155"},{"taxonomy":"product_cat","embeddable":true,"href":"https:\/\/aramiso-test.verteco.app\/index.php?rest_route=%2Fwp%2Fv2%2Fproduct_cat&post=8155"},{"taxonomy":"product_tag","embeddable":true,"href":"https:\/\/aramiso-test.verteco.app\/index.php?rest_route=%2Fwp%2Fv2%2Fproduct_tag&post=8155"}],"curies":[{"name":"wp","href":"https:\/\/api.w.org\/{rel}","templated":true}]}}