{"id":8126,"date":"2025-10-26T12:06:32","date_gmt":"2025-10-26T12:06:32","guid":{"rendered":"https:\/\/aramiso-test.verteco.app\/?product=zaslepka-k-ukonceniu-sklenenej-vyplne"},"modified":"2025-10-26T12:06:37","modified_gmt":"2025-10-26T12:06:37","slug":"zaslepka-k-ukonceniu-sklenenej-vyplne","status":"publish","type":"product","link":"https:\/\/aramiso-test.verteco.app\/?product=zaslepka-k-ukonceniu-sklenenej-vyplne","title":{"rendered":"Z\u00e1slepka k ukon\u010deniu sklenenej v\u00fdplne"},"content":{"rendered":"<p>Z\u00e1slepka k ukon\u010deniu sklenenej v\u00fdplne, povrchov\u00e1 \u00faprava brus K320 Pre sklo do T=18mm, d\u013a\u017eka 200mm<\/p>\n","protected":false},"excerpt":{"rendered":"<p>Materi\u00e1l: Nerez AISI 304, Povrchov\u00e1 \u00faprava: Brus, Glass t: 16-17,52, L: 200, R: 3<\/p>\n","protected":false},"featured_media":0,"comment_status":"closed","ping_status":"open","template":"","meta":[],"product_brand":[],"product_cat":[15],"product_tag":[],"class_list":{"0":"post-8126","1":"product","2":"type-product","3":"status-publish","5":"product_cat-uncategorized","7":"first","8":"instock","9":"sale","10":"purchasable","11":"product-type-simple"},"_links":{"self":[{"href":"https:\/\/aramiso-test.verteco.app\/index.php?rest_route=\/wp\/v2\/product\/8126","targetHints":{"allow":["GET"]}}],"collection":[{"href":"https:\/\/aramiso-test.verteco.app\/index.php?rest_route=\/wp\/v2\/product"}],"about":[{"href":"https:\/\/aramiso-test.verteco.app\/index.php?rest_route=\/wp\/v2\/types\/product"}],"replies":[{"embeddable":true,"href":"https:\/\/aramiso-test.verteco.app\/index.php?rest_route=%2Fwp%2Fv2%2Fcomments&post=8126"}],"wp:attachment":[{"href":"https:\/\/aramiso-test.verteco.app\/index.php?rest_route=%2Fwp%2Fv2%2Fmedia&parent=8126"}],"wp:term":[{"taxonomy":"product_brand","embeddable":true,"href":"https:\/\/aramiso-test.verteco.app\/index.php?rest_route=%2Fwp%2Fv2%2Fproduct_brand&post=8126"},{"taxonomy":"product_cat","embeddable":true,"href":"https:\/\/aramiso-test.verteco.app\/index.php?rest_route=%2Fwp%2Fv2%2Fproduct_cat&post=8126"},{"taxonomy":"product_tag","embeddable":true,"href":"https:\/\/aramiso-test.verteco.app\/index.php?rest_route=%2Fwp%2Fv2%2Fproduct_tag&post=8126"}],"curies":[{"name":"wp","href":"https:\/\/api.w.org\/{rel}","templated":true}]}}