{"id":8107,"date":"2025-08-03T11:26:02","date_gmt":"2025-08-03T11:26:02","guid":{"rendered":"https:\/\/aramiso-test.verteco.app\/?product=obojstranna-lepiaca-paska-t-30mm-12mmx165m"},"modified":"2025-08-03T11:26:16","modified_gmt":"2025-08-03T11:26:16","slug":"obojstranna-lepiaca-paska-t-30mm-12mmx165m","status":"publish","type":"product","link":"https:\/\/aramiso-test.verteco.app\/?product=obojstranna-lepiaca-paska-t-30mm-12mmx165m","title":{"rendered":"Obojstrann\u00e1 lepiaca p\u00e1ska, t 3,0mm\/12mmx16,5m"},"content":{"rendered":"<p>Celkov\u00e1 hr\u00fabka p\u00e1sky je 3 mm, ktor\u00fa tvor\u00ed biela uzavret\u00e1 polyetyl\u00e9nov\u00e1 pena s hr\u00fabkou cca 2940 mikrometrov. T\u00e1 je obojstranne povrstven\u00e1 cca 40 mikrometrmi akrylov\u00e9ho tlakovo aktivovan\u00e9ho lepidla. P\u00e1ska je kryt\u00e1 bielym alebo modr\u00fdm silik\u00f3novan\u00fdm papierom. Farba papiera nem\u00e1 vplyv na kvalitu p\u00e1sky. Priemer dutinky je klasicky 76 mm.<br \/>\nP\u00e1ska je vhodn\u00e1 na lepenie v\u00e4\u010d\u0161iny plastov, kart\u00f3nu, lamin\u00e1tu, upraven\u00e9ho dreva, skla, ale aj kovov at\u010f, upozornenie: pre najvy\u0161\u0161ie nam\u00e1hanie odpor\u00fa\u010dame p\u00e1sky AFT. Lepen\u00fd spoj odol\u00e1va dobre UV \u017eiareniu, vlhkosti, eliminuje teplotn\u00e9 dilat\u00e1cie a galvanick\u00e9 \u010dl\u00e1nky medzi rozdielnymi materi\u00e1lmi, tlm\u00ed hluk a vibr\u00e1cie. Teplotn\u00e1 odolnos\u0165 p\u00e1sky je od -20 do +100 oC.<br \/>\nP\u00e1ska je ur\u010den\u00e1 na v\u0161eobecn\u00e9 lepenie, mo\u017eno \u0148ou lepi\u0165 zlo\u017eit\u00e9 kart\u00f3nov\u00e9 obaly, okenn\u00e9 li\u0161ty, grav\u00edrovan\u00e9 \u0161t\u00edtky a menovky, informa\u010dn\u00e9 tabule, n\u00e1\u0161\u013eapn\u00e9 dosky a kryty. P\u00e1ska m\u00e1 dobr\u00fa pri\u013enavos\u0165 na materi\u00e1ly pri lepen\u00ed u\u017e od 0 stup\u0148ov C !! Pred pou\u017eit\u00edm si p\u00e1sku starostlivo vysk\u00fa\u0161ajte pre Va\u0161u konkr\u00e9tnu aplik\u00e1ciu.<\/p>\n","protected":false},"excerpt":{"rendered":"<p>Celkov\u00e1 hr\u00fabka p\u00e1sky je 3 mm, ktor\u00fa tvor\u00ed biela uzavret\u00e1 polyetyl\u00e9nov\u00e1 pena s hr\u00fabkou cca 2940 mikrometrov. T\u00e1 je obojstranne povrstven\u00e1 cca 40 mikrometrmi akrylov\u00e9ho tlakovo aktivovan\u00e9ho lepidla. P\u00e1ska je kryt\u00e1 bielym alebo modr\u00fdm silik\u00f3novan\u00fdm papierom. Farba papiera nem\u00e1 vplyv na kvalitu p\u00e1sky. Priemer dutinky je klasicky 76 mm. P\u00e1ska je vhodn\u00e1 na lepenie v\u00e4\u010d\u0161iny [&hellip;]<\/p>\n","protected":false},"featured_media":0,"comment_status":"closed","ping_status":"open","template":"","meta":[],"product_brand":[],"product_cat":[15],"product_tag":[],"class_list":{"0":"post-8107","1":"product","2":"type-product","3":"status-publish","5":"product_cat-uncategorized","7":"first","8":"onbackorder","9":"sale","10":"purchasable","11":"product-type-simple"},"_links":{"self":[{"href":"https:\/\/aramiso-test.verteco.app\/index.php?rest_route=\/wp\/v2\/product\/8107","targetHints":{"allow":["GET"]}}],"collection":[{"href":"https:\/\/aramiso-test.verteco.app\/index.php?rest_route=\/wp\/v2\/product"}],"about":[{"href":"https:\/\/aramiso-test.verteco.app\/index.php?rest_route=\/wp\/v2\/types\/product"}],"replies":[{"embeddable":true,"href":"https:\/\/aramiso-test.verteco.app\/index.php?rest_route=%2Fwp%2Fv2%2Fcomments&post=8107"}],"wp:attachment":[{"href":"https:\/\/aramiso-test.verteco.app\/index.php?rest_route=%2Fwp%2Fv2%2Fmedia&parent=8107"}],"wp:term":[{"taxonomy":"product_brand","embeddable":true,"href":"https:\/\/aramiso-test.verteco.app\/index.php?rest_route=%2Fwp%2Fv2%2Fproduct_brand&post=8107"},{"taxonomy":"product_cat","embeddable":true,"href":"https:\/\/aramiso-test.verteco.app\/index.php?rest_route=%2Fwp%2Fv2%2Fproduct_cat&post=8107"},{"taxonomy":"product_tag","embeddable":true,"href":"https:\/\/aramiso-test.verteco.app\/index.php?rest_route=%2Fwp%2Fv2%2Fproduct_tag&post=8107"}],"curies":[{"name":"wp","href":"https:\/\/api.w.org\/{rel}","templated":true}]}}