{"id":8096,"date":"2025-10-26T12:06:38","date_gmt":"2025-10-26T12:06:38","guid":{"rendered":"https:\/\/aramiso-test.verteco.app\/?product=madlo-drziak-skla-13"},"modified":"2025-10-26T12:06:45","modified_gmt":"2025-10-26T12:06:45","slug":"madlo-drziak-skla-13","status":"publish","type":"product","link":"https:\/\/aramiso-test.verteco.app\/?product=madlo-drziak-skla-13","title":{"rendered":"Madlo-dr\u017eiak skla"},"content":{"rendered":"<p>Nerezov\u00e9 madlo &#8211; dr\u017eiak skla T=8 a\u017e 21,5 m. Dod\u00e1van\u00e9 v d\u013a\u017eke 6000 mm. Dod\u00e1van\u00e9 bez gumov\u00fdch tesnen\u00ed.<\/p>\n","protected":false},"excerpt":{"rendered":"<p>Materi\u00e1l: Nerez AISI 304, Povrchov\u00e1 \u00faprava: Brus, L: 6000, Madlo: 40x40x1,5, Kotvenie: Na sklo, LED: \u00c1no<\/p>\n","protected":false},"featured_media":0,"comment_status":"closed","ping_status":"open","template":"","meta":[],"product_brand":[],"product_cat":[15],"product_tag":[],"class_list":{"0":"post-8096","1":"product","2":"type-product","3":"status-publish","5":"product_cat-uncategorized","7":"first","8":"onbackorder","9":"sale","10":"purchasable","11":"product-type-simple"},"_links":{"self":[{"href":"https:\/\/aramiso-test.verteco.app\/index.php?rest_route=\/wp\/v2\/product\/8096","targetHints":{"allow":["GET"]}}],"collection":[{"href":"https:\/\/aramiso-test.verteco.app\/index.php?rest_route=\/wp\/v2\/product"}],"about":[{"href":"https:\/\/aramiso-test.verteco.app\/index.php?rest_route=\/wp\/v2\/types\/product"}],"replies":[{"embeddable":true,"href":"https:\/\/aramiso-test.verteco.app\/index.php?rest_route=%2Fwp%2Fv2%2Fcomments&post=8096"}],"wp:attachment":[{"href":"https:\/\/aramiso-test.verteco.app\/index.php?rest_route=%2Fwp%2Fv2%2Fmedia&parent=8096"}],"wp:term":[{"taxonomy":"product_brand","embeddable":true,"href":"https:\/\/aramiso-test.verteco.app\/index.php?rest_route=%2Fwp%2Fv2%2Fproduct_brand&post=8096"},{"taxonomy":"product_cat","embeddable":true,"href":"https:\/\/aramiso-test.verteco.app\/index.php?rest_route=%2Fwp%2Fv2%2Fproduct_cat&post=8096"},{"taxonomy":"product_tag","embeddable":true,"href":"https:\/\/aramiso-test.verteco.app\/index.php?rest_route=%2Fwp%2Fv2%2Fproduct_tag&post=8096"}],"curies":[{"name":"wp","href":"https:\/\/api.w.org\/{rel}","templated":true}]}}