{"id":8053,"date":"2025-08-03T11:24:02","date_gmt":"2025-08-03T11:24:02","guid":{"rendered":"https:\/\/aramiso-test.verteco.app\/?product=stlpik-dub-d424-4xdrziak-v100cm-vk-rovne"},"modified":"2025-08-03T11:24:24","modified_gmt":"2025-08-03T11:24:24","slug":"stlpik-dub-d424-4xdrziak-v100cm-vk-rovne","status":"publish","type":"product","link":"https:\/\/aramiso-test.verteco.app\/?product=stlpik-dub-d424-4xdrziak-v100cm-vk-rovne","title":{"rendered":"St\u013apik DUB D42,4 &#8211; 4xdr\u017eiak , v=100cm, VK-rovn\u00e9"},"content":{"rendered":"","protected":false},"excerpt":{"rendered":"<p>Materi\u00e1l: Drevo Dub, Povrchov\u00e1 \u00faprava: Natural, Pou\u017eitie: Rovina\/1000mm, L: 1000, Kotvenie: Zhora, h1: 200, h2: 558, h3: 242<\/p>\n","protected":false},"featured_media":0,"comment_status":"closed","ping_status":"open","template":"","meta":[],"product_brand":[],"product_cat":[15],"product_tag":[],"class_list":{"0":"post-8053","1":"product","2":"type-product","3":"status-publish","5":"product_cat-uncategorized","7":"first","8":"onbackorder","9":"purchasable","10":"product-type-simple"},"_links":{"self":[{"href":"https:\/\/aramiso-test.verteco.app\/index.php?rest_route=\/wp\/v2\/product\/8053","targetHints":{"allow":["GET"]}}],"collection":[{"href":"https:\/\/aramiso-test.verteco.app\/index.php?rest_route=\/wp\/v2\/product"}],"about":[{"href":"https:\/\/aramiso-test.verteco.app\/index.php?rest_route=\/wp\/v2\/types\/product"}],"replies":[{"embeddable":true,"href":"https:\/\/aramiso-test.verteco.app\/index.php?rest_route=%2Fwp%2Fv2%2Fcomments&post=8053"}],"wp:attachment":[{"href":"https:\/\/aramiso-test.verteco.app\/index.php?rest_route=%2Fwp%2Fv2%2Fmedia&parent=8053"}],"wp:term":[{"taxonomy":"product_brand","embeddable":true,"href":"https:\/\/aramiso-test.verteco.app\/index.php?rest_route=%2Fwp%2Fv2%2Fproduct_brand&post=8053"},{"taxonomy":"product_cat","embeddable":true,"href":"https:\/\/aramiso-test.verteco.app\/index.php?rest_route=%2Fwp%2Fv2%2Fproduct_cat&post=8053"},{"taxonomy":"product_tag","embeddable":true,"href":"https:\/\/aramiso-test.verteco.app\/index.php?rest_route=%2Fwp%2Fv2%2Fproduct_tag&post=8053"}],"curies":[{"name":"wp","href":"https:\/\/api.w.org\/{rel}","templated":true}]}}