{"id":8031,"date":"2025-08-03T11:22:58","date_gmt":"2025-08-03T11:22:58","guid":{"rendered":"https:\/\/aramiso-test.verteco.app\/?product=stlpik-vrchne-kotvenie-rovne-7"},"modified":"2025-08-03T11:23:16","modified_gmt":"2025-08-03T11:23:16","slug":"stlpik-vrchne-kotvenie-rovne-7","status":"publish","type":"product","link":"https:\/\/aramiso-test.verteco.app\/?product=stlpik-vrchne-kotvenie-rovne-7","title":{"rendered":"St\u013apik, vrchn\u00e9 kotvenie &#8211; rovn\u00e9"},"content":{"rendered":"<p>nerezov\u00fd st\u013apik 40x40mm, vrchn\u00e9 kotvenie , materi\u00e1l AISI 304 brus K320, horizont\u00e1lna v\u00fdpl\u0148 4 x JP10x10x1 mm pre \u0161tvorcov\u00e9 madlo 40&#215;40 mm. Ur\u010den\u00e9 pre rovn\u00e9 z\u00e1bradlie v\u00fd\u0161ky 90 cm. Mo\u017enos\u0165 nastavenia sklonu madla<\/p>\n","protected":false},"excerpt":{"rendered":"<p>Materi\u00e1l: Nerez AISI 304, Povrchov\u00e1 \u00faprava: Brus, Pou\u017eitie: Rovina\/900mm, V\u00fdpl\u0148: 10&#215;10, Tvar prierezu: JPL profil, St\u013apik: 40x40x2, L: 900, Madlo: 40x40x2, h1: 110, h2: 188, h3: 226<\/p>\n","protected":false},"featured_media":0,"comment_status":"closed","ping_status":"open","template":"","meta":[],"product_brand":[],"product_cat":[15],"product_tag":[],"class_list":{"0":"post-8031","1":"product","2":"type-product","3":"status-publish","5":"product_cat-uncategorized","7":"first","8":"onbackorder","9":"sale","10":"purchasable","11":"product-type-simple"},"_links":{"self":[{"href":"https:\/\/aramiso-test.verteco.app\/index.php?rest_route=\/wp\/v2\/product\/8031","targetHints":{"allow":["GET"]}}],"collection":[{"href":"https:\/\/aramiso-test.verteco.app\/index.php?rest_route=\/wp\/v2\/product"}],"about":[{"href":"https:\/\/aramiso-test.verteco.app\/index.php?rest_route=\/wp\/v2\/types\/product"}],"replies":[{"embeddable":true,"href":"https:\/\/aramiso-test.verteco.app\/index.php?rest_route=%2Fwp%2Fv2%2Fcomments&post=8031"}],"wp:attachment":[{"href":"https:\/\/aramiso-test.verteco.app\/index.php?rest_route=%2Fwp%2Fv2%2Fmedia&parent=8031"}],"wp:term":[{"taxonomy":"product_brand","embeddable":true,"href":"https:\/\/aramiso-test.verteco.app\/index.php?rest_route=%2Fwp%2Fv2%2Fproduct_brand&post=8031"},{"taxonomy":"product_cat","embeddable":true,"href":"https:\/\/aramiso-test.verteco.app\/index.php?rest_route=%2Fwp%2Fv2%2Fproduct_cat&post=8031"},{"taxonomy":"product_tag","embeddable":true,"href":"https:\/\/aramiso-test.verteco.app\/index.php?rest_route=%2Fwp%2Fv2%2Fproduct_tag&post=8031"}],"curies":[{"name":"wp","href":"https:\/\/api.w.org\/{rel}","templated":true}]}}