{"id":8030,"date":"2025-08-03T11:22:58","date_gmt":"2025-08-03T11:22:58","guid":{"rendered":"https:\/\/aramiso-test.verteco.app\/?product=stlpik-vrchne-kotvenie-rovne-6"},"modified":"2025-08-03T11:23:15","modified_gmt":"2025-08-03T11:23:15","slug":"stlpik-vrchne-kotvenie-rovne-6","status":"publish","type":"product","link":"https:\/\/aramiso-test.verteco.app\/?product=stlpik-vrchne-kotvenie-rovne-6","title":{"rendered":"St\u013apik, vrchn\u00e9 kotvenie &#8211; rovn\u00e9"},"content":{"rendered":"","protected":false},"excerpt":{"rendered":"<p>Materi\u00e1l: CORTEN, Pou\u017eitie: Rovina\/1000mm, Kotvenie: Zhora<\/p>\n","protected":false},"featured_media":0,"comment_status":"closed","ping_status":"open","template":"","meta":[],"product_brand":[],"product_cat":[15],"product_tag":[],"class_list":{"0":"post-8030","1":"product","2":"type-product","3":"status-publish","5":"product_cat-uncategorized","7":"first","8":"onbackorder","9":"purchasable","10":"product-type-simple"},"_links":{"self":[{"href":"https:\/\/aramiso-test.verteco.app\/index.php?rest_route=\/wp\/v2\/product\/8030","targetHints":{"allow":["GET"]}}],"collection":[{"href":"https:\/\/aramiso-test.verteco.app\/index.php?rest_route=\/wp\/v2\/product"}],"about":[{"href":"https:\/\/aramiso-test.verteco.app\/index.php?rest_route=\/wp\/v2\/types\/product"}],"replies":[{"embeddable":true,"href":"https:\/\/aramiso-test.verteco.app\/index.php?rest_route=%2Fwp%2Fv2%2Fcomments&post=8030"}],"wp:attachment":[{"href":"https:\/\/aramiso-test.verteco.app\/index.php?rest_route=%2Fwp%2Fv2%2Fmedia&parent=8030"}],"wp:term":[{"taxonomy":"product_brand","embeddable":true,"href":"https:\/\/aramiso-test.verteco.app\/index.php?rest_route=%2Fwp%2Fv2%2Fproduct_brand&post=8030"},{"taxonomy":"product_cat","embeddable":true,"href":"https:\/\/aramiso-test.verteco.app\/index.php?rest_route=%2Fwp%2Fv2%2Fproduct_cat&post=8030"},{"taxonomy":"product_tag","embeddable":true,"href":"https:\/\/aramiso-test.verteco.app\/index.php?rest_route=%2Fwp%2Fv2%2Fproduct_tag&post=8030"}],"curies":[{"name":"wp","href":"https:\/\/api.w.org\/{rel}","templated":true}]}}