{"id":8028,"date":"2025-08-03T11:22:58","date_gmt":"2025-08-03T11:22:58","guid":{"rendered":"https:\/\/aramiso-test.verteco.app\/?product=stlpik-pre-nerezove-zabradlie-vrchne-kotvenie-8"},"modified":"2025-08-03T11:23:13","modified_gmt":"2025-08-03T11:23:13","slug":"stlpik-pre-nerezove-zabradlie-vrchne-kotvenie-8","status":"publish","type":"product","link":"https:\/\/aramiso-test.verteco.app\/?product=stlpik-pre-nerezove-zabradlie-vrchne-kotvenie-8","title":{"rendered":"St\u013apik pre nerezov\u00e9 z\u00e1bradlie, vrchn\u00e9 kotvenie"},"content":{"rendered":"<p>Nerezov\u00fd st\u013apik D42,4 mm pre madlo D42,4mm. Vrchn\u00e9 kotvenie, horizont\u00e1lna v\u00fdpl\u0148 5 x d12 mm. Ur\u010den\u00e9 pre rovn\u00e9 z\u00e1bradlie v\u00fd\u0161ky 100 cm, pre mont\u00e1\u017e s max. prepadom do 12 m. Mo\u017enos\u0165 nastavenia sklonu v\u00fdplne a madla.<br \/>\n<br \/>\n<iframe width=\"560\" height=\"315\" src=\"https:\/\/www.youtube.com\/embed\/Jxm0EgYzp8k\" frameborder=\"0\" allowfullscreen><\/iframe><\/p>\n","protected":false},"excerpt":{"rendered":"<p>Materi\u00e1l: Nerez AISI 304, Povrchov\u00e1 \u00faprava: PVD Black<\/p>\n","protected":false},"featured_media":0,"comment_status":"closed","ping_status":"open","template":"","meta":[],"product_brand":[],"product_cat":[15],"product_tag":[],"class_list":{"0":"post-8028","1":"product","2":"type-product","3":"status-publish","5":"product_cat-uncategorized","7":"first","8":"instock","9":"sale","10":"purchasable","11":"product-type-simple"},"_links":{"self":[{"href":"https:\/\/aramiso-test.verteco.app\/index.php?rest_route=\/wp\/v2\/product\/8028","targetHints":{"allow":["GET"]}}],"collection":[{"href":"https:\/\/aramiso-test.verteco.app\/index.php?rest_route=\/wp\/v2\/product"}],"about":[{"href":"https:\/\/aramiso-test.verteco.app\/index.php?rest_route=\/wp\/v2\/types\/product"}],"replies":[{"embeddable":true,"href":"https:\/\/aramiso-test.verteco.app\/index.php?rest_route=%2Fwp%2Fv2%2Fcomments&post=8028"}],"wp:attachment":[{"href":"https:\/\/aramiso-test.verteco.app\/index.php?rest_route=%2Fwp%2Fv2%2Fmedia&parent=8028"}],"wp:term":[{"taxonomy":"product_brand","embeddable":true,"href":"https:\/\/aramiso-test.verteco.app\/index.php?rest_route=%2Fwp%2Fv2%2Fproduct_brand&post=8028"},{"taxonomy":"product_cat","embeddable":true,"href":"https:\/\/aramiso-test.verteco.app\/index.php?rest_route=%2Fwp%2Fv2%2Fproduct_cat&post=8028"},{"taxonomy":"product_tag","embeddable":true,"href":"https:\/\/aramiso-test.verteco.app\/index.php?rest_route=%2Fwp%2Fv2%2Fproduct_tag&post=8028"}],"curies":[{"name":"wp","href":"https:\/\/api.w.org\/{rel}","templated":true}]}}