{"id":8017,"date":"2025-10-26T12:06:10","date_gmt":"2025-10-26T12:06:10","guid":{"rendered":"https:\/\/aramiso-test.verteco.app\/?product=nerezovy-stlpik-vk-rovne-aisi316-d424-5xd12-h10"},"modified":"2025-10-26T12:06:11","modified_gmt":"2025-10-26T12:06:11","slug":"nerezovy-stlpik-vk-rovne-aisi316-d424-5xd12-h10","status":"publish","type":"product","link":"https:\/\/aramiso-test.verteco.app\/?product=nerezovy-stlpik-vk-rovne-aisi316-d424-5xd12-h10","title":{"rendered":"nerezov\u00fd st\u013apik, VK-rovn\u00e9 AISI316, D42,4\/5xd12\/H10"},"content":{"rendered":"<p>nerezov\u00fd st\u013apik D42,4mm pre madlo D42,4mm, vrchn\u00e9 kotvenie, materi\u00e1l AISI 316 brus K320, horizont\u00e1lna v\u00fdpl\u0148 5 x d12 mm. Ur\u010den\u00e9 pre rovn\u00e9 z\u00e1bradlie v\u00fd\u0161ky 100 cm, pre mont\u00e1\u017e s max. prepadom do 12 m. Mo\u017enos\u0165 nastavenia sklonu v\u00fdplne a madla.<\/p>\n","protected":false},"excerpt":{"rendered":"<p>Materi\u00e1l: Nerez AISI 316, Povrchov\u00e1 \u00faprava: Brus, Pou\u017eitie: Rovina\/1000mm, V\u00fdpl\u0148: d12, L: 1000, Kotvenie: Zhora, h1: 86, h2: 188, h3: 162<\/p>\n","protected":false},"featured_media":0,"comment_status":"closed","ping_status":"open","template":"","meta":[],"product_brand":[],"product_cat":[15],"product_tag":[],"class_list":{"0":"post-8017","1":"product","2":"type-product","3":"status-publish","5":"product_cat-uncategorized","7":"first","8":"instock","9":"sale","10":"purchasable","11":"product-type-simple"},"_links":{"self":[{"href":"https:\/\/aramiso-test.verteco.app\/index.php?rest_route=\/wp\/v2\/product\/8017","targetHints":{"allow":["GET"]}}],"collection":[{"href":"https:\/\/aramiso-test.verteco.app\/index.php?rest_route=\/wp\/v2\/product"}],"about":[{"href":"https:\/\/aramiso-test.verteco.app\/index.php?rest_route=\/wp\/v2\/types\/product"}],"replies":[{"embeddable":true,"href":"https:\/\/aramiso-test.verteco.app\/index.php?rest_route=%2Fwp%2Fv2%2Fcomments&post=8017"}],"wp:attachment":[{"href":"https:\/\/aramiso-test.verteco.app\/index.php?rest_route=%2Fwp%2Fv2%2Fmedia&parent=8017"}],"wp:term":[{"taxonomy":"product_brand","embeddable":true,"href":"https:\/\/aramiso-test.verteco.app\/index.php?rest_route=%2Fwp%2Fv2%2Fproduct_brand&post=8017"},{"taxonomy":"product_cat","embeddable":true,"href":"https:\/\/aramiso-test.verteco.app\/index.php?rest_route=%2Fwp%2Fv2%2Fproduct_cat&post=8017"},{"taxonomy":"product_tag","embeddable":true,"href":"https:\/\/aramiso-test.verteco.app\/index.php?rest_route=%2Fwp%2Fv2%2Fproduct_tag&post=8017"}],"curies":[{"name":"wp","href":"https:\/\/api.w.org\/{rel}","templated":true}]}}