{"id":8014,"date":"2025-08-03T11:22:58","date_gmt":"2025-08-03T11:22:58","guid":{"rendered":"https:\/\/aramiso-test.verteco.app\/?product=stlpik-pre-nerezove-zabradlie-vrchne-kotvenie"},"modified":"2025-08-03T11:22:58","modified_gmt":"2025-08-03T11:22:58","slug":"stlpik-pre-nerezove-zabradlie-vrchne-kotvenie","status":"publish","type":"product","link":"https:\/\/aramiso-test.verteco.app\/?product=stlpik-pre-nerezove-zabradlie-vrchne-kotvenie","title":{"rendered":"St\u013apik pre nerezov\u00e9 z\u00e1bradlie, vrchn\u00e9 kotvenie"},"content":{"rendered":"<p>nerezov\u00fd st\u013apik D42,4mm pre madlo D42,4mm. Vrchn\u00e9 kotvenie, horizont\u00e1lna v\u00fdpl\u0148 4 x d12 mm. Ur\u010den\u00e9 pre rovn\u00e9 z\u00e1bradlie v\u00fd\u0161ky 90 cm, pre mont\u00e1\u017e s max. prepadom do 3 m. Mo\u017enos\u0165 nastavenia sklonu v\u00fdplne a madla.<\/p>\n","protected":false},"excerpt":{"rendered":"<p>Materi\u00e1l: Nerez AISI 304, Povrchov\u00e1 \u00faprava: Brus, Pou\u017eitie: Rovina\/900mm, Kotvenie: Zhora<\/p>\n","protected":false},"featured_media":0,"comment_status":"closed","ping_status":"open","template":"","meta":[],"product_brand":[],"product_cat":[15],"product_tag":[],"class_list":{"0":"post-8014","1":"product","2":"type-product","3":"status-publish","5":"product_cat-uncategorized","7":"first","8":"onbackorder","9":"sale","10":"purchasable","11":"product-type-simple"},"_links":{"self":[{"href":"https:\/\/aramiso-test.verteco.app\/index.php?rest_route=\/wp\/v2\/product\/8014","targetHints":{"allow":["GET"]}}],"collection":[{"href":"https:\/\/aramiso-test.verteco.app\/index.php?rest_route=\/wp\/v2\/product"}],"about":[{"href":"https:\/\/aramiso-test.verteco.app\/index.php?rest_route=\/wp\/v2\/types\/product"}],"replies":[{"embeddable":true,"href":"https:\/\/aramiso-test.verteco.app\/index.php?rest_route=%2Fwp%2Fv2%2Fcomments&post=8014"}],"wp:attachment":[{"href":"https:\/\/aramiso-test.verteco.app\/index.php?rest_route=%2Fwp%2Fv2%2Fmedia&parent=8014"}],"wp:term":[{"taxonomy":"product_brand","embeddable":true,"href":"https:\/\/aramiso-test.verteco.app\/index.php?rest_route=%2Fwp%2Fv2%2Fproduct_brand&post=8014"},{"taxonomy":"product_cat","embeddable":true,"href":"https:\/\/aramiso-test.verteco.app\/index.php?rest_route=%2Fwp%2Fv2%2Fproduct_cat&post=8014"},{"taxonomy":"product_tag","embeddable":true,"href":"https:\/\/aramiso-test.verteco.app\/index.php?rest_route=%2Fwp%2Fv2%2Fproduct_tag&post=8014"}],"curies":[{"name":"wp","href":"https:\/\/api.w.org\/{rel}","templated":true}]}}