{"id":8012,"date":"2025-08-03T11:22:41","date_gmt":"2025-08-03T11:22:41","guid":{"rendered":"https:\/\/aramiso-test.verteco.app\/?product=kotvenie-bocne-priruba"},"modified":"2025-08-03T11:22:57","modified_gmt":"2025-08-03T11:22:57","slug":"kotvenie-bocne-priruba","status":"publish","type":"product","link":"https:\/\/aramiso-test.verteco.app\/?product=kotvenie-bocne-priruba","title":{"rendered":"Kotvenie bo\u010dn\u00e9 &#8211; pr\u00edruba"},"content":{"rendered":"<p>Plat\u0148a pre bo\u010dne kotvenie sa zvy\u010dajne kombinuje s bodov\u00fdmi dr\u017eiakmi skla A\/0746-000, A\/0746-300, A\/0746-400, A\/0746-500, to znamen\u00e1, \u017ee umo\u017e\u0148uje vytv\u00e1ra\u0165 r\u00f4zne kombin\u00e1cie v z\u00e1vislosti od situ\u00e1cie pou\u017eitia. Pou\u017e\u00edva sa na upevnenie sklenenej v\u00fdplne do r\u00f4znych kon\u0161trukci\u00ed, ako s\u00fa napr\u00edklad z\u00e1bradlia, balustr\u00e1dy, dvere alebo steny. Maj\u00fa formu plochej platne s nieko\u013ek\u00fdmi bodov\u00fdmi dr\u017eiakmi, na ktor\u00e9 je umiestnen\u00e9 sklo. Tieto bodov\u00e9 dr\u017eiaky skla umo\u017e\u0148uj\u00fa pevn\u00e9 upevnenie sklenenej v\u00fdplne a z\u00e1rove\u0148 minimalizuj\u00fa vizu\u00e1lne ru\u0161enie, preto\u017ee s\u00fa umiestnen\u00e9 len na okrajoch skla. Kotviaca plat\u0148a s bodov\u00fdmi dr\u017eiakmi skla je \u010dasto pou\u017e\u00edvan\u00e1 v modern\u00fdch architektonick\u00fdch aplik\u00e1ci\u00e1ch, kde je d\u00f4le\u017eit\u00e9 dosiahnu\u0165 \u010dist\u00fd a elegantn\u00fd vzh\u013ead a z\u00e1rove\u0148 zabezpe\u010di\u0165 bezpe\u010dn\u00e9 upevnenie sklenenej v\u00fdplne.<\/p>\n","protected":false},"excerpt":{"rendered":"<p>Materi\u00e1l: Nerez AISI 304, Povrchov\u00e1 \u00faprava: Brus, Kotvenie: Z boku, M: 8, D1: 40, H: 190<\/p>\n","protected":false},"featured_media":0,"comment_status":"closed","ping_status":"open","template":"","meta":[],"product_brand":[],"product_cat":[15],"product_tag":[],"class_list":{"0":"post-8012","1":"product","2":"type-product","3":"status-publish","5":"product_cat-uncategorized","7":"first","8":"onbackorder","9":"sale","10":"purchasable","11":"product-type-simple"},"_links":{"self":[{"href":"https:\/\/aramiso-test.verteco.app\/index.php?rest_route=\/wp\/v2\/product\/8012","targetHints":{"allow":["GET"]}}],"collection":[{"href":"https:\/\/aramiso-test.verteco.app\/index.php?rest_route=\/wp\/v2\/product"}],"about":[{"href":"https:\/\/aramiso-test.verteco.app\/index.php?rest_route=\/wp\/v2\/types\/product"}],"replies":[{"embeddable":true,"href":"https:\/\/aramiso-test.verteco.app\/index.php?rest_route=%2Fwp%2Fv2%2Fcomments&post=8012"}],"wp:attachment":[{"href":"https:\/\/aramiso-test.verteco.app\/index.php?rest_route=%2Fwp%2Fv2%2Fmedia&parent=8012"}],"wp:term":[{"taxonomy":"product_brand","embeddable":true,"href":"https:\/\/aramiso-test.verteco.app\/index.php?rest_route=%2Fwp%2Fv2%2Fproduct_brand&post=8012"},{"taxonomy":"product_cat","embeddable":true,"href":"https:\/\/aramiso-test.verteco.app\/index.php?rest_route=%2Fwp%2Fv2%2Fproduct_cat&post=8012"},{"taxonomy":"product_tag","embeddable":true,"href":"https:\/\/aramiso-test.verteco.app\/index.php?rest_route=%2Fwp%2Fv2%2Fproduct_tag&post=8012"}],"curies":[{"name":"wp","href":"https:\/\/api.w.org\/{rel}","templated":true}]}}