{"id":8011,"date":"2025-10-26T12:06:02","date_gmt":"2025-10-26T12:06:02","guid":{"rendered":"https:\/\/aramiso-test.verteco.app\/?product=kotvenie-bocne-4"},"modified":"2025-10-26T12:06:09","modified_gmt":"2025-10-26T12:06:09","slug":"kotvenie-bocne-4","status":"publish","type":"product","link":"https:\/\/aramiso-test.verteco.app\/?product=kotvenie-bocne-4","title":{"rendered":"Kotvenie bo\u010dn\u00e9"},"content":{"rendered":"<p>Kotvenie bo\u010dn\u00e9 obsahuje kotviacu plat\u0148u s 2ks bodov\u00fdch dr\u017eiakov skla A\/0747-000.  Pou\u017eiva sa na upevnenie sklenenej v\u00fdplne do r\u00f4znych kon\u0161trukci\u00ed, ako s\u00fa napr\u00edklad z\u00e1bradlia, balustr\u00e1dy, dvere alebo steny. Tieto bodov\u00e9 dr\u017eiaky skla umo\u017e\u0148uj\u00fa pevn\u00e9 upevnenie sklenenej v\u00fdplne a z\u00e1rove\u0148 minimalizuj\u00fa vizu\u00e1lne ru\u0161enie, preto\u017ee s\u00fa umiestnen\u00e9 len na okrajoch skla. Kotviaca plat\u0148a s bodov\u00fdmi dr\u017eiakmi skla je \u010dasto pou\u017e\u00edvan\u00e1 v modern\u00fdch architektonick\u00fdch aplik\u00e1ci\u00e1ch, kde je d\u00f4le\u017eit\u00e9 dosiahnu\u0165 \u010dist\u00fd a elegantn\u00fd vzh\u013ead a z\u00e1rove\u0148 zabezpe\u010di\u0165 bezpe\u010dn\u00e9 upevnenie sklenenej v\u00fdplne.<\/p>\n","protected":false},"excerpt":{"rendered":"<p>Materi\u00e1l: Nerez AISI 304, Povrchov\u00e1 \u00faprava: Brus, Glass t: 8-17,52, V\u00fdpl\u0148: Sklo, Kotvenie: Na sklo<\/p>\n","protected":false},"featured_media":0,"comment_status":"closed","ping_status":"open","template":"","meta":[],"product_brand":[],"product_cat":[15],"product_tag":[],"class_list":{"0":"post-8011","1":"product","2":"type-product","3":"status-publish","5":"product_cat-uncategorized","7":"first","8":"onbackorder","9":"sale","10":"purchasable","11":"product-type-simple"},"_links":{"self":[{"href":"https:\/\/aramiso-test.verteco.app\/index.php?rest_route=\/wp\/v2\/product\/8011","targetHints":{"allow":["GET"]}}],"collection":[{"href":"https:\/\/aramiso-test.verteco.app\/index.php?rest_route=\/wp\/v2\/product"}],"about":[{"href":"https:\/\/aramiso-test.verteco.app\/index.php?rest_route=\/wp\/v2\/types\/product"}],"replies":[{"embeddable":true,"href":"https:\/\/aramiso-test.verteco.app\/index.php?rest_route=%2Fwp%2Fv2%2Fcomments&post=8011"}],"wp:attachment":[{"href":"https:\/\/aramiso-test.verteco.app\/index.php?rest_route=%2Fwp%2Fv2%2Fmedia&parent=8011"}],"wp:term":[{"taxonomy":"product_brand","embeddable":true,"href":"https:\/\/aramiso-test.verteco.app\/index.php?rest_route=%2Fwp%2Fv2%2Fproduct_brand&post=8011"},{"taxonomy":"product_cat","embeddable":true,"href":"https:\/\/aramiso-test.verteco.app\/index.php?rest_route=%2Fwp%2Fv2%2Fproduct_cat&post=8011"},{"taxonomy":"product_tag","embeddable":true,"href":"https:\/\/aramiso-test.verteco.app\/index.php?rest_route=%2Fwp%2Fv2%2Fproduct_tag&post=8011"}],"curies":[{"name":"wp","href":"https:\/\/api.w.org\/{rel}","templated":true}]}}