{"id":8005,"date":"2025-10-26T12:06:02","date_gmt":"2025-10-26T12:06:02","guid":{"rendered":"https:\/\/aramiso-test.verteco.app\/?product=drziak-vyplne-skla-99"},"modified":"2025-10-26T12:06:04","modified_gmt":"2025-10-26T12:06:04","slug":"drziak-vyplne-skla-99","status":"publish","type":"product","link":"https:\/\/aramiso-test.verteco.app\/?product=drziak-vyplne-skla-99","title":{"rendered":"Dr\u017eiak v\u00fdplne skla"},"content":{"rendered":"<p>Bodov\u00fd dr\u017eiak v\u00fdplne skla je \u0161peci\u00e1lny kon\u0161truk\u010dn\u00fd prvok, ktor\u00fd sl\u00fa\u017ei na upevnenie sklenenej v\u00fdplne bez pou\u017eitia tradi\u010dn\u00fdch li\u0161tov\u00fdch dr\u017eiakov. Tieto dr\u017eiaky maj\u00fa zvy\u010dajne tvar kruhov\u00e9ho alebo \u0161tvorcov\u00e9ho hrotu, ktor\u00fd je uchyten\u00fd do podkladu a dr\u017e\u00ed sklo pomocou mal\u00e9ho kontaktn\u00e9ho bodu. Poskytuj\u00fa minimalistick\u00fd vzh\u013ead, preto\u017ee nevy\u017eaduj\u00fa rozsiahle li\u0161ty alebo r\u00e1my, ktor\u00e9 by obklopovali sklo. Tento dizajn umo\u017e\u0148uje maxim\u00e1lne vyu\u017eitie svetla a otvorenos\u0165 priestoru, \u010do je ide\u00e1lne pre modern\u00e9 a minimalistick\u00e9 architektonick\u00e9 aplik\u00e1cie. Pou\u017e\u00edvaj\u00fa sa najm\u00e4 v interi\u00e9rov\u00fdch a exteri\u00e9rov\u00fdch aplik\u00e1ci\u00e1ch, ako s\u00fa z\u00e1bradlia, balustr\u00e1dy, dvere, steny a in\u00e9 kon\u0161trukcie, kde je po\u017eadovan\u00fd modern\u00fd a elegantn\u00fd vzh\u013ead. Bodov\u00fd dr\u017eiak FLEX2 umo\u017e\u0148uje nastavenie vzdialensti skla od steny v\u010faka \u010domu je mo\u017ene dorovna\u0165 nerovnosti pri mont\u00e1\u017ei.<\/p>\n","protected":false},"excerpt":{"rendered":"<p>Materi\u00e1l: Nerez AISI 304, Povrchov\u00e1 \u00faprava: Brus-PVD, Glass t: 8-17,52, V\u00fdpl\u0148: Sklo, St\u013apik: flat, Vzh\u013ead: \u010cierna, Model: Model 47, Phi: flat, Otvor v skle: 30, h: 42-47<\/p>\n","protected":false},"featured_media":0,"comment_status":"closed","ping_status":"open","template":"","meta":[],"product_brand":[],"product_cat":[15],"product_tag":[],"class_list":{"0":"post-8005","1":"product","2":"type-product","3":"status-publish","5":"product_cat-uncategorized","7":"first","8":"onbackorder","9":"sale","10":"purchasable","11":"product-type-simple"},"_links":{"self":[{"href":"https:\/\/aramiso-test.verteco.app\/index.php?rest_route=\/wp\/v2\/product\/8005","targetHints":{"allow":["GET"]}}],"collection":[{"href":"https:\/\/aramiso-test.verteco.app\/index.php?rest_route=\/wp\/v2\/product"}],"about":[{"href":"https:\/\/aramiso-test.verteco.app\/index.php?rest_route=\/wp\/v2\/types\/product"}],"replies":[{"embeddable":true,"href":"https:\/\/aramiso-test.verteco.app\/index.php?rest_route=%2Fwp%2Fv2%2Fcomments&post=8005"}],"wp:attachment":[{"href":"https:\/\/aramiso-test.verteco.app\/index.php?rest_route=%2Fwp%2Fv2%2Fmedia&parent=8005"}],"wp:term":[{"taxonomy":"product_brand","embeddable":true,"href":"https:\/\/aramiso-test.verteco.app\/index.php?rest_route=%2Fwp%2Fv2%2Fproduct_brand&post=8005"},{"taxonomy":"product_cat","embeddable":true,"href":"https:\/\/aramiso-test.verteco.app\/index.php?rest_route=%2Fwp%2Fv2%2Fproduct_cat&post=8005"},{"taxonomy":"product_tag","embeddable":true,"href":"https:\/\/aramiso-test.verteco.app\/index.php?rest_route=%2Fwp%2Fv2%2Fproduct_tag&post=8005"}],"curies":[{"name":"wp","href":"https:\/\/api.w.org\/{rel}","templated":true}]}}