{"id":7999,"date":"2025-10-26T12:06:02","date_gmt":"2025-10-26T12:06:02","guid":{"rendered":"https:\/\/aramiso-test.verteco.app\/?product=podlozka"},"modified":"2025-10-26T12:06:04","modified_gmt":"2025-10-26T12:06:04","slug":"podlozka","status":"publish","type":"product","link":"https:\/\/aramiso-test.verteco.app\/?product=podlozka","title":{"rendered":"Podlo\u017eka"},"content":{"rendered":"<p>PVC podlo\u017eka pre bodov\u00fd dr\u017eiak skla o priemere 50 mm.<br \/>\nKompatibilne s drziakmi: ZN\/0747-000, A\/0747-000, A\/0747-000-L, A-BLACK\/0747-000, A14\/0747-000, A-AN-0747-000, A-BL\/0747-000, A-PVD\/0747-000, A\/0747-000-S, A14\/0747-000-S, A\/0747-242, A14\/0747-242, A\/0747-200, A\/0747-300, A14\/0747-300, A\/0747-400, A\/0747-500, A\/0747-FLEX1-B, A\/0747-FLEX2, A14\/0747-FLEX2, A-PVD\/0747-FLEX2, A-PVD\/0747-FLEX2-L,<br \/>\nA\/0747-FLEX3, A14\/0747-FLEX3, A14\/0747-FLEX3-L, A\/0747-501 FLEX2, A\/0747-502 FLEX2, A\/0747-503 FLEX2, A-AN\/0747-502 FLEX2, A-BL\/0747-501 FLEX2, A-BLACK\/0747-501 FLEX2<\/p>\n","protected":false},"excerpt":{"rendered":"<p>Materi\u00e1l: PVC, Povrchov\u00e1 \u00faprava: Natural, Vzh\u013ead: \u010cierna<\/p>\n","protected":false},"featured_media":0,"comment_status":"closed","ping_status":"open","template":"","meta":[],"product_brand":[],"product_cat":[15],"product_tag":[],"class_list":{"0":"post-7999","1":"product","2":"type-product","3":"status-publish","5":"product_cat-uncategorized","7":"first","8":"onbackorder","9":"sale","10":"purchasable","11":"product-type-simple"},"_links":{"self":[{"href":"https:\/\/aramiso-test.verteco.app\/index.php?rest_route=\/wp\/v2\/product\/7999","targetHints":{"allow":["GET"]}}],"collection":[{"href":"https:\/\/aramiso-test.verteco.app\/index.php?rest_route=\/wp\/v2\/product"}],"about":[{"href":"https:\/\/aramiso-test.verteco.app\/index.php?rest_route=\/wp\/v2\/types\/product"}],"replies":[{"embeddable":true,"href":"https:\/\/aramiso-test.verteco.app\/index.php?rest_route=%2Fwp%2Fv2%2Fcomments&post=7999"}],"wp:attachment":[{"href":"https:\/\/aramiso-test.verteco.app\/index.php?rest_route=%2Fwp%2Fv2%2Fmedia&parent=7999"}],"wp:term":[{"taxonomy":"product_brand","embeddable":true,"href":"https:\/\/aramiso-test.verteco.app\/index.php?rest_route=%2Fwp%2Fv2%2Fproduct_brand&post=7999"},{"taxonomy":"product_cat","embeddable":true,"href":"https:\/\/aramiso-test.verteco.app\/index.php?rest_route=%2Fwp%2Fv2%2Fproduct_cat&post=7999"},{"taxonomy":"product_tag","embeddable":true,"href":"https:\/\/aramiso-test.verteco.app\/index.php?rest_route=%2Fwp%2Fv2%2Fproduct_tag&post=7999"}],"curies":[{"name":"wp","href":"https:\/\/api.w.org\/{rel}","templated":true}]}}