{"id":7923,"date":"2025-08-03T11:20:42","date_gmt":"2025-08-03T11:20:42","guid":{"rendered":"https:\/\/aramiso-test.verteco.app\/?product=drziak-skla-mimoosovy-obojstrannny-3"},"modified":"2025-08-03T11:20:49","modified_gmt":"2025-08-03T11:20:49","slug":"drziak-skla-mimoosovy-obojstrannny-3","status":"publish","type":"product","link":"https:\/\/aramiso-test.verteco.app\/?product=drziak-skla-mimoosovy-obojstrannny-3","title":{"rendered":"Dr\u017eiak skla mimoosov\u00fd obojstrannn\u00fd"},"content":{"rendered":"<p>Obojstrann\u00fd mimoosov\u00fd dr\u017eiak skla je \u0161peci\u00e1lny typ dr\u017eiaka pou\u017e\u00edvan\u00fd v kon\u0161trukcii z\u00e1bradl\u00ed na upevnenie sklenen\u00fdch panelov mimo osi stlpika. Poskytuje bezpe\u010dn\u00e9 a stabiln\u00e9 pripevnenie sklenen\u00fdch panelov k stlpiku. Umo\u017e\u0148uje upevnenie sklenen\u00fdch panelov bez nutnosti dierovania alebo in\u00e9ho priam\u00e9ho z\u00e1sahu do skla. Pou\u017e\u00edva sa na upevnenie sklenen\u00fdch panelov v interi\u00e9roch, ako s\u00fa schodisk\u00e1 taktie\u017e s\u00fa vhodn\u00e9 pre balk\u00f3ny, terasy alebo vonkaj\u0161ie schodisk\u00e1, kde poskytuj\u00fa bezpe\u010dn\u00e9 upevnenie skla a z\u00e1rove\u0148 umo\u017e\u0148uj\u00fa neru\u0161en\u00fd v\u00fdh\u013ead. Uchytenie skla je dosiahnut\u00e9 prostredn\u00edctvom zvern\u00e9ho spoja. Upevnenie dr\u017eiaka k stlpiku je dosiahnut\u00e9 prostredn\u00edctvom monta\u017en\u00e9ho spoja. Dr\u017eiak neobsahuje tesnenie (nutnost dokupit 4ks tesneni podla hrubky skla) a krytky pre skrutky.<\/p>\n","protected":false},"excerpt":{"rendered":"<p>Materi\u00e1l: Nerez AISI 316, Povrchov\u00e1 \u00faprava: Brus, Glass t: 6\/6,76\/8\/8,76\/10\/10,76\/12\/12,76, St\u013apik: D42,4, Model: Model 21X<\/p>\n","protected":false},"featured_media":0,"comment_status":"closed","ping_status":"open","template":"","meta":[],"product_brand":[],"product_cat":[15],"product_tag":[],"class_list":{"0":"post-7923","1":"product","2":"type-product","3":"status-publish","5":"product_cat-uncategorized","7":"first","8":"onbackorder","9":"sale","10":"purchasable","11":"product-type-simple"},"_links":{"self":[{"href":"https:\/\/aramiso-test.verteco.app\/index.php?rest_route=\/wp\/v2\/product\/7923","targetHints":{"allow":["GET"]}}],"collection":[{"href":"https:\/\/aramiso-test.verteco.app\/index.php?rest_route=\/wp\/v2\/product"}],"about":[{"href":"https:\/\/aramiso-test.verteco.app\/index.php?rest_route=\/wp\/v2\/types\/product"}],"replies":[{"embeddable":true,"href":"https:\/\/aramiso-test.verteco.app\/index.php?rest_route=%2Fwp%2Fv2%2Fcomments&post=7923"}],"wp:attachment":[{"href":"https:\/\/aramiso-test.verteco.app\/index.php?rest_route=%2Fwp%2Fv2%2Fmedia&parent=7923"}],"wp:term":[{"taxonomy":"product_brand","embeddable":true,"href":"https:\/\/aramiso-test.verteco.app\/index.php?rest_route=%2Fwp%2Fv2%2Fproduct_brand&post=7923"},{"taxonomy":"product_cat","embeddable":true,"href":"https:\/\/aramiso-test.verteco.app\/index.php?rest_route=%2Fwp%2Fv2%2Fproduct_cat&post=7923"},{"taxonomy":"product_tag","embeddable":true,"href":"https:\/\/aramiso-test.verteco.app\/index.php?rest_route=%2Fwp%2Fv2%2Fproduct_tag&post=7923"}],"curies":[{"name":"wp","href":"https:\/\/api.w.org\/{rel}","templated":true}]}}