{"id":7918,"date":"2025-10-26T12:04:37","date_gmt":"2025-10-26T12:04:37","guid":{"rendered":"https:\/\/aramiso-test.verteco.app\/?product=drziak-skla-9"},"modified":"2025-10-26T12:04:38","modified_gmt":"2025-10-26T12:04:38","slug":"drziak-skla-9","status":"publish","type":"product","link":"https:\/\/aramiso-test.verteco.app\/?product=drziak-skla-9","title":{"rendered":"Dr\u017eiak skla"},"content":{"rendered":"<p>Dr\u017eiak sklenenej v\u00fdplne (spojka 180 stupnov) je kon\u0161truk\u010dn\u00fd prvok pou\u017e\u00edvan\u00fd na upevnenie a stabiliz\u00e1ciu sklenenej v\u00fdplne (plechu, tabu\u013eovej vyplne) v r\u00f4znych kon\u0161trukci\u00e1ch, ako s\u00fa z\u00e1bradlia, balk\u00f3ny alebo schodisk\u00e1. Tento dr\u017eiak zais\u0165uje pevn\u00e9 a bezpe\u010dn\u00e9 prichytenie v\u00fdplne, \u010d\u00edm zvy\u0161uje celkov\u00fa stabilitu a bezpe\u010dnos\u0165 kon\u0161trukcie. S\u00fa s\u00fa\u010das\u0165ou modern\u00fdch architektonick\u00fdch rie\u0161en\u00ed, ktor\u00e9 kombinuj\u00fa funk\u010dnos\u0165, bezpe\u010dnos\u0165 a estetick\u00fd vzh\u013ead. Dr\u017eanie skla (poistenie vo\u010di vypadnutiu) je dosiahnut\u00e9 pomocou zvern\u00e9ho spoja (doporu\u010den\u00e9 pou\u017eitie pri vrchnom kotveni) alebo zverneho spoja + kolik (doporu\u010den\u00e9 pou\u017eitie pre bo\u010dne kotvenie). Dr\u017eiak neobsahuje tesnenie (nutnost dokupit 4ks tesnen\u00ed podla hr\u00fabky skla) a krytky pre skrutky.<\/p>\n","protected":false},"excerpt":{"rendered":"<p>Materi\u00e1l: Nerez AISI 316, Povrchov\u00e1 \u00faprava: Brus, Glass t: 6\/6,76\/8\/8,76\/10\/10,76\/12\/12,76, Model: Model 25<\/p>\n","protected":false},"featured_media":0,"comment_status":"closed","ping_status":"open","template":"","meta":[],"product_brand":[],"product_cat":[15],"product_tag":[],"class_list":{"0":"post-7918","1":"product","2":"type-product","3":"status-publish","5":"product_cat-uncategorized","7":"first","8":"onbackorder","9":"sale","10":"purchasable","11":"product-type-simple"},"_links":{"self":[{"href":"https:\/\/aramiso-test.verteco.app\/index.php?rest_route=\/wp\/v2\/product\/7918","targetHints":{"allow":["GET"]}}],"collection":[{"href":"https:\/\/aramiso-test.verteco.app\/index.php?rest_route=\/wp\/v2\/product"}],"about":[{"href":"https:\/\/aramiso-test.verteco.app\/index.php?rest_route=\/wp\/v2\/types\/product"}],"replies":[{"embeddable":true,"href":"https:\/\/aramiso-test.verteco.app\/index.php?rest_route=%2Fwp%2Fv2%2Fcomments&post=7918"}],"wp:attachment":[{"href":"https:\/\/aramiso-test.verteco.app\/index.php?rest_route=%2Fwp%2Fv2%2Fmedia&parent=7918"}],"wp:term":[{"taxonomy":"product_brand","embeddable":true,"href":"https:\/\/aramiso-test.verteco.app\/index.php?rest_route=%2Fwp%2Fv2%2Fproduct_brand&post=7918"},{"taxonomy":"product_cat","embeddable":true,"href":"https:\/\/aramiso-test.verteco.app\/index.php?rest_route=%2Fwp%2Fv2%2Fproduct_cat&post=7918"},{"taxonomy":"product_tag","embeddable":true,"href":"https:\/\/aramiso-test.verteco.app\/index.php?rest_route=%2Fwp%2Fv2%2Fproduct_tag&post=7918"}],"curies":[{"name":"wp","href":"https:\/\/api.w.org\/{rel}","templated":true}]}}