{"id":7905,"date":"2025-10-26T12:04:30","date_gmt":"2025-10-26T12:04:30","guid":{"rendered":"https:\/\/aramiso-test.verteco.app\/?product=drziak-vyplne-skla-29"},"modified":"2025-10-26T12:04:33","modified_gmt":"2025-10-26T12:04:33","slug":"drziak-vyplne-skla-29","status":"publish","type":"product","link":"https:\/\/aramiso-test.verteco.app\/?product=drziak-vyplne-skla-29","title":{"rendered":"Dr\u017eiak v\u00fdplne skla"},"content":{"rendered":"<p>Dr\u017eiak v\u00fdplne skla (plechu, tabu\u013eovej vyplne).<br \/>\nDr\u017eanie v\u00fdplne (poistenie vo\u010di vypadnutiu) je dosiahnut\u00e9 pomocou zvernn\u00e9ho spoja (doporu\u010den\u00e9 pou\u017eitie pri vrchnom kotveni).<br \/>\nDr\u017eiak neobsahuje tesnenie &#8211; nutnos\u0165 dokupit 2ks tesneni pod\u013ea hr\u00fabky skla a krytky pre skrutky.<\/p>\n","protected":false},"excerpt":{"rendered":"<p>Materi\u00e1l: ZAMAK zliatina, Povrchov\u00e1 \u00faprava: Natural, V\u00fdpl\u0148: Sklo+Plech, Glass t: 6\/6,76\/8\/8,76\/10\/10,76\/1,5\/2\/3, St\u013apik: flat, Model: Model 21, Vzh\u013ead: Natural<\/p>\n","protected":false},"featured_media":0,"comment_status":"closed","ping_status":"open","template":"","meta":[],"product_brand":[],"product_cat":[15],"product_tag":[],"class_list":{"0":"post-7905","1":"product","2":"type-product","3":"status-publish","5":"product_cat-uncategorized","7":"first","8":"onbackorder","9":"sale","10":"purchasable","11":"product-type-simple"},"_links":{"self":[{"href":"https:\/\/aramiso-test.verteco.app\/index.php?rest_route=\/wp\/v2\/product\/7905","targetHints":{"allow":["GET"]}}],"collection":[{"href":"https:\/\/aramiso-test.verteco.app\/index.php?rest_route=\/wp\/v2\/product"}],"about":[{"href":"https:\/\/aramiso-test.verteco.app\/index.php?rest_route=\/wp\/v2\/types\/product"}],"replies":[{"embeddable":true,"href":"https:\/\/aramiso-test.verteco.app\/index.php?rest_route=%2Fwp%2Fv2%2Fcomments&post=7905"}],"wp:attachment":[{"href":"https:\/\/aramiso-test.verteco.app\/index.php?rest_route=%2Fwp%2Fv2%2Fmedia&parent=7905"}],"wp:term":[{"taxonomy":"product_brand","embeddable":true,"href":"https:\/\/aramiso-test.verteco.app\/index.php?rest_route=%2Fwp%2Fv2%2Fproduct_brand&post=7905"},{"taxonomy":"product_cat","embeddable":true,"href":"https:\/\/aramiso-test.verteco.app\/index.php?rest_route=%2Fwp%2Fv2%2Fproduct_cat&post=7905"},{"taxonomy":"product_tag","embeddable":true,"href":"https:\/\/aramiso-test.verteco.app\/index.php?rest_route=%2Fwp%2Fv2%2Fproduct_tag&post=7905"}],"curies":[{"name":"wp","href":"https:\/\/api.w.org\/{rel}","templated":true}]}}