{"id":7850,"date":"2025-08-25T11:02:31","date_gmt":"2025-08-25T11:02:31","guid":{"rendered":"https:\/\/aramiso-test.verteco.app\/?product=zaslepka-pvc-matny-povrch-3"},"modified":"2025-08-25T11:02:33","modified_gmt":"2025-08-25T11:02:33","slug":"zaslepka-pvc-matny-povrch-3","status":"publish","type":"product","link":"https:\/\/aramiso-test.verteco.app\/?product=zaslepka-pvc-matny-povrch-3","title":{"rendered":"Z\u00e1slepka PVC &#8211; matn\u00fd povrch"},"content":{"rendered":"<p>Z\u00e1slepka PVC. Prekr\u00fdva hlavi\u010dky skrutiek na dr\u017eiakoch skiel modelu 20, 21, 22, 23, 24, 25, 26, 27<\/p>\n","protected":false},"excerpt":{"rendered":"<p>Materi\u00e1l: Plast, Vzh\u013ead: \u010cierna<\/p>\n","protected":false},"featured_media":0,"comment_status":"closed","ping_status":"open","template":"","meta":[],"product_brand":[],"product_cat":[15],"product_tag":[],"class_list":{"0":"post-7850","1":"product","2":"type-product","3":"status-publish","5":"product_cat-uncategorized","7":"first","8":"onbackorder","9":"sale","10":"purchasable","11":"product-type-simple"},"_links":{"self":[{"href":"https:\/\/aramiso-test.verteco.app\/index.php?rest_route=\/wp\/v2\/product\/7850","targetHints":{"allow":["GET"]}}],"collection":[{"href":"https:\/\/aramiso-test.verteco.app\/index.php?rest_route=\/wp\/v2\/product"}],"about":[{"href":"https:\/\/aramiso-test.verteco.app\/index.php?rest_route=\/wp\/v2\/types\/product"}],"replies":[{"embeddable":true,"href":"https:\/\/aramiso-test.verteco.app\/index.php?rest_route=%2Fwp%2Fv2%2Fcomments&post=7850"}],"wp:attachment":[{"href":"https:\/\/aramiso-test.verteco.app\/index.php?rest_route=%2Fwp%2Fv2%2Fmedia&parent=7850"}],"wp:term":[{"taxonomy":"product_brand","embeddable":true,"href":"https:\/\/aramiso-test.verteco.app\/index.php?rest_route=%2Fwp%2Fv2%2Fproduct_brand&post=7850"},{"taxonomy":"product_cat","embeddable":true,"href":"https:\/\/aramiso-test.verteco.app\/index.php?rest_route=%2Fwp%2Fv2%2Fproduct_cat&post=7850"},{"taxonomy":"product_tag","embeddable":true,"href":"https:\/\/aramiso-test.verteco.app\/index.php?rest_route=%2Fwp%2Fv2%2Fproduct_tag&post=7850"}],"curies":[{"name":"wp","href":"https:\/\/api.w.org\/{rel}","templated":true}]}}