{"id":7847,"date":"2025-08-03T11:18:34","date_gmt":"2025-08-03T11:18:34","guid":{"rendered":"https:\/\/aramiso-test.verteco.app\/?product=zaslepka-pvc-matny-povrch-2"},"modified":"2025-08-03T11:18:44","modified_gmt":"2025-08-03T11:18:44","slug":"zaslepka-pvc-matny-povrch-2","status":"publish","type":"product","link":"https:\/\/aramiso-test.verteco.app\/?product=zaslepka-pvc-matny-povrch-2","title":{"rendered":"Z\u00e1slepka PVC &#8211; matn\u00fd povrch"},"content":{"rendered":"<p>PVC z\u00e1slepka je kon\u0161truk\u010dn\u00fd prvok, ktor\u00fd sl\u00fa\u017ei na zakrytie skrutiek a poskytuje \u010dist\u00fd a esteticky vzh\u013ead.<\/p>\n","protected":false},"excerpt":{"rendered":"<p>Materi\u00e1l: Plast, Vzh\u013ead: Siv\u00e1<\/p>\n","protected":false},"featured_media":0,"comment_status":"closed","ping_status":"open","template":"","meta":[],"product_brand":[],"product_cat":[15],"product_tag":[],"class_list":{"0":"post-7847","1":"product","2":"type-product","3":"status-publish","5":"product_cat-uncategorized","7":"first","8":"onbackorder","9":"sale","10":"purchasable","11":"product-type-simple"},"_links":{"self":[{"href":"https:\/\/aramiso-test.verteco.app\/index.php?rest_route=\/wp\/v2\/product\/7847","targetHints":{"allow":["GET"]}}],"collection":[{"href":"https:\/\/aramiso-test.verteco.app\/index.php?rest_route=\/wp\/v2\/product"}],"about":[{"href":"https:\/\/aramiso-test.verteco.app\/index.php?rest_route=\/wp\/v2\/types\/product"}],"replies":[{"embeddable":true,"href":"https:\/\/aramiso-test.verteco.app\/index.php?rest_route=%2Fwp%2Fv2%2Fcomments&post=7847"}],"wp:attachment":[{"href":"https:\/\/aramiso-test.verteco.app\/index.php?rest_route=%2Fwp%2Fv2%2Fmedia&parent=7847"}],"wp:term":[{"taxonomy":"product_brand","embeddable":true,"href":"https:\/\/aramiso-test.verteco.app\/index.php?rest_route=%2Fwp%2Fv2%2Fproduct_brand&post=7847"},{"taxonomy":"product_cat","embeddable":true,"href":"https:\/\/aramiso-test.verteco.app\/index.php?rest_route=%2Fwp%2Fv2%2Fproduct_cat&post=7847"},{"taxonomy":"product_tag","embeddable":true,"href":"https:\/\/aramiso-test.verteco.app\/index.php?rest_route=%2Fwp%2Fv2%2Fproduct_tag&post=7847"}],"curies":[{"name":"wp","href":"https:\/\/api.w.org\/{rel}","templated":true}]}}