{"id":7843,"date":"2025-08-25T11:02:30","date_gmt":"2025-08-25T11:02:30","guid":{"rendered":"https:\/\/aramiso-test.verteco.app\/?product=uchytka-lanka-kotva-4"},"modified":"2025-08-25T11:02:30","modified_gmt":"2025-08-25T11:02:30","slug":"uchytka-lanka-kotva-4","status":"publish","type":"product","link":"https:\/\/aramiso-test.verteco.app\/?product=uchytka-lanka-kotva-4","title":{"rendered":"\u00dachytka lanka &#8211; kotva"},"content":{"rendered":"<p>Nerezov\u00fd uchyt lanka &#8211; kotva je kon\u0161truk\u010dn\u00fd prvok, ktor\u00fd sl\u00fa\u017ei na uchytenie lankovej v\u00fdplne k stlpiku. Je s\u00fa\u010das\u0165 z\u00e1bradli tvoren\u00fdch lankovou v\u00fdpl\u0148ou, ktor\u00e9 vytv\u00e1raju modern\u00fd a jadnoduch\u00fd dizajn.<\/p>\n","protected":false},"excerpt":{"rendered":"<p>Materi\u00e1l: Nerez AISI 316, Povrchov\u00e1 \u00faprava: Brus, V\u00fdpl\u0148: Lanko, D: 12, d2: 6,5, h: 6, M: 6<\/p>\n","protected":false},"featured_media":0,"comment_status":"closed","ping_status":"open","template":"","meta":[],"product_brand":[],"product_cat":[15],"product_tag":[],"class_list":{"0":"post-7843","1":"product","2":"type-product","3":"status-publish","5":"product_cat-uncategorized","7":"first","8":"onbackorder","9":"sale","10":"purchasable","11":"product-type-simple"},"_links":{"self":[{"href":"https:\/\/aramiso-test.verteco.app\/index.php?rest_route=\/wp\/v2\/product\/7843","targetHints":{"allow":["GET"]}}],"collection":[{"href":"https:\/\/aramiso-test.verteco.app\/index.php?rest_route=\/wp\/v2\/product"}],"about":[{"href":"https:\/\/aramiso-test.verteco.app\/index.php?rest_route=\/wp\/v2\/types\/product"}],"replies":[{"embeddable":true,"href":"https:\/\/aramiso-test.verteco.app\/index.php?rest_route=%2Fwp%2Fv2%2Fcomments&post=7843"}],"wp:attachment":[{"href":"https:\/\/aramiso-test.verteco.app\/index.php?rest_route=%2Fwp%2Fv2%2Fmedia&parent=7843"}],"wp:term":[{"taxonomy":"product_brand","embeddable":true,"href":"https:\/\/aramiso-test.verteco.app\/index.php?rest_route=%2Fwp%2Fv2%2Fproduct_brand&post=7843"},{"taxonomy":"product_cat","embeddable":true,"href":"https:\/\/aramiso-test.verteco.app\/index.php?rest_route=%2Fwp%2Fv2%2Fproduct_cat&post=7843"},{"taxonomy":"product_tag","embeddable":true,"href":"https:\/\/aramiso-test.verteco.app\/index.php?rest_route=%2Fwp%2Fv2%2Fproduct_tag&post=7843"}],"curies":[{"name":"wp","href":"https:\/\/api.w.org\/{rel}","templated":true}]}}