{"id":7842,"date":"2025-08-03T11:18:34","date_gmt":"2025-08-03T11:18:34","guid":{"rendered":"https:\/\/aramiso-test.verteco.app\/?product=lanko-uchytka-5"},"modified":"2025-08-03T11:18:41","modified_gmt":"2025-08-03T11:18:41","slug":"lanko-uchytka-5","status":"publish","type":"product","link":"https:\/\/aramiso-test.verteco.app\/?product=lanko-uchytka-5","title":{"rendered":"Lanko &#8211; \u00fachytka"},"content":{"rendered":"<p>Dr\u017eiak v\u00fdplne je kon\u0161truk\u010dn\u00fd prvok, ktor\u00fd sl\u00fa\u017ei na upevnenie v\u00fdplne do kon\u0161trukcie. Zvy\u010dajne vyu\u017e\u00edvan\u00fd pre uchytenie lankovej v\u00fdplne zabradl\u00ed, ktor\u00e1 je uchyten\u00e1 na stlpik. Je d\u00f4le\u017eit\u00fdm prvkom v kon\u0161trukcii, ktor\u00fd zabezpe\u010duje pevn\u00e9 upevnenie a stabilitu v\u00fdplne, a z\u00e1rove\u0148 prispieva k celkov\u00e9mu vzh\u013eadu a funk\u010dnosti kon\u0161trukcie. Dr\u017eiak je nastavite\u013en\u00fd &#8211; umo\u017e\u0148uje nastavenie sklonu v\u00fdplne.<\/p>\n","protected":false},"excerpt":{"rendered":"<p>Materi\u00e1l: Nerez AISI 316, Povrchov\u00e1 \u00faprava: Brus, V\u00fdpl\u0148: Lanko, Phi: 42,4, d: 6<\/p>\n","protected":false},"featured_media":0,"comment_status":"closed","ping_status":"open","template":"","meta":[],"product_brand":[],"product_cat":[15],"product_tag":[],"class_list":{"0":"post-7842","1":"product","2":"type-product","3":"status-publish","5":"product_cat-uncategorized","7":"first","8":"onbackorder","9":"sale","10":"purchasable","11":"product-type-simple"},"_links":{"self":[{"href":"https:\/\/aramiso-test.verteco.app\/index.php?rest_route=\/wp\/v2\/product\/7842","targetHints":{"allow":["GET"]}}],"collection":[{"href":"https:\/\/aramiso-test.verteco.app\/index.php?rest_route=\/wp\/v2\/product"}],"about":[{"href":"https:\/\/aramiso-test.verteco.app\/index.php?rest_route=\/wp\/v2\/types\/product"}],"replies":[{"embeddable":true,"href":"https:\/\/aramiso-test.verteco.app\/index.php?rest_route=%2Fwp%2Fv2%2Fcomments&post=7842"}],"wp:attachment":[{"href":"https:\/\/aramiso-test.verteco.app\/index.php?rest_route=%2Fwp%2Fv2%2Fmedia&parent=7842"}],"wp:term":[{"taxonomy":"product_brand","embeddable":true,"href":"https:\/\/aramiso-test.verteco.app\/index.php?rest_route=%2Fwp%2Fv2%2Fproduct_brand&post=7842"},{"taxonomy":"product_cat","embeddable":true,"href":"https:\/\/aramiso-test.verteco.app\/index.php?rest_route=%2Fwp%2Fv2%2Fproduct_cat&post=7842"},{"taxonomy":"product_tag","embeddable":true,"href":"https:\/\/aramiso-test.verteco.app\/index.php?rest_route=%2Fwp%2Fv2%2Fproduct_tag&post=7842"}],"curies":[{"name":"wp","href":"https:\/\/api.w.org\/{rel}","templated":true}]}}