{"id":7793,"date":"2025-08-03T11:16:57","date_gmt":"2025-08-03T11:16:57","guid":{"rendered":"https:\/\/aramiso-test.verteco.app\/?product=siet-lankova-vypln-8"},"modified":"2025-08-03T11:17:14","modified_gmt":"2025-08-03T11:17:14","slug":"siet-lankova-vypln-8","status":"publish","type":"product","link":"https:\/\/aramiso-test.verteco.app\/?product=siet-lankova-vypln-8","title":{"rendered":"Sie\u0165 &#8211; lankov\u00e1 v\u00fdpl\u0148"},"content":{"rendered":"<p>Sie\u0165ov\u00e1 v\u00fdpl\u0148 je kon\u0161truk\u010dn\u00fd prvok pou\u017e\u00edvan\u00fd na vyplnenie otvorov alebo medzier na z\u00e1bradliach, plotoch, balk\u00f3noch, \u010di terase. T\u00e1to v\u00fdpl\u0148 je vyroben\u00e1 z oce\u013eov\u00fdch lan, ktor\u00e9 s\u00fa uchyten\u00e9 v r\u00e1me a m\u00e1 nieko\u013eko v\u00fdhod, vr\u00e1tane toho, \u017ee umo\u017e\u0148uje priechod svetla a vzduchu, minimalizuje vizu\u00e1lne prek\u00e1\u017eky a z\u00e1rove\u0148 poskytuje bezpe\u010dnos\u0165 a ochranu. Je tie\u017e \u013eahk\u00e1 na \u00fadr\u017ebu a odoln\u00e1 vo\u010di poveternostn\u00fdm podmienkam a kor\u00f3zii. Sie\u0165ov\u00e1 v\u00fdpl\u0148 sa pou\u017e\u00edva v r\u00f4znych aplik\u00e1ci\u00e1ch, kde je potrebn\u00e9 vyplni\u0165 otvory alebo medzery a zabezpe\u010di\u0165 bezpe\u010dn\u00e9 a estetick\u00e9 rie\u0161enie. Predava sa vo funk\u010dnom rozmere &#8220;L1&#8221;, nie v stiahnutom stave &#8220;L&#8221;. Prepojenie laniek pri L1=100m je  OTVORENOU SPOJKOU.<\/p>\n","protected":false},"excerpt":{"rendered":"<p>Materi\u00e1l: Nerez AISI 316, Povrchov\u00e1 \u00faprava: Natural, V\u00fdpl\u0148: Lanko, L: 118, L1: 100, h: 3000<\/p>\n","protected":false},"featured_media":0,"comment_status":"closed","ping_status":"open","template":"","meta":[],"product_brand":[],"product_cat":[15],"product_tag":[],"class_list":{"0":"post-7793","1":"product","2":"type-product","3":"status-publish","5":"product_cat-uncategorized","7":"first","8":"instock","9":"sale","10":"purchasable","11":"product-type-simple"},"_links":{"self":[{"href":"https:\/\/aramiso-test.verteco.app\/index.php?rest_route=\/wp\/v2\/product\/7793","targetHints":{"allow":["GET"]}}],"collection":[{"href":"https:\/\/aramiso-test.verteco.app\/index.php?rest_route=\/wp\/v2\/product"}],"about":[{"href":"https:\/\/aramiso-test.verteco.app\/index.php?rest_route=\/wp\/v2\/types\/product"}],"replies":[{"embeddable":true,"href":"https:\/\/aramiso-test.verteco.app\/index.php?rest_route=%2Fwp%2Fv2%2Fcomments&post=7793"}],"wp:attachment":[{"href":"https:\/\/aramiso-test.verteco.app\/index.php?rest_route=%2Fwp%2Fv2%2Fmedia&parent=7793"}],"wp:term":[{"taxonomy":"product_brand","embeddable":true,"href":"https:\/\/aramiso-test.verteco.app\/index.php?rest_route=%2Fwp%2Fv2%2Fproduct_brand&post=7793"},{"taxonomy":"product_cat","embeddable":true,"href":"https:\/\/aramiso-test.verteco.app\/index.php?rest_route=%2Fwp%2Fv2%2Fproduct_cat&post=7793"},{"taxonomy":"product_tag","embeddable":true,"href":"https:\/\/aramiso-test.verteco.app\/index.php?rest_route=%2Fwp%2Fv2%2Fproduct_tag&post=7793"}],"curies":[{"name":"wp","href":"https:\/\/api.w.org\/{rel}","templated":true}]}}