{"id":7791,"date":"2025-10-26T12:04:11","date_gmt":"2025-10-26T12:04:11","guid":{"rendered":"https:\/\/aramiso-test.verteco.app\/?product=lankova-vypln-siet-8"},"modified":"2025-10-26T12:04:14","modified_gmt":"2025-10-26T12:04:14","slug":"lankova-vypln-siet-8","status":"publish","type":"product","link":"https:\/\/aramiso-test.verteco.app\/?product=lankova-vypln-siet-8","title":{"rendered":"Lankov\u00e1 v\u00fdpl\u0148 &#8211; sie\u0165"},"content":{"rendered":"<p>Lankov\u00e1 v\u00fdpl\u0148 (siet) farba biela sa pred\u00e1va v KS. Predava sa v funk\u010dnom rozmere &#8220;L1&#8221;, nie v stiahnutom stave &#8220;L&#8221;<br \/>\nPrepojenie laniek pri L1=5m je UZATVORENOU SPOJKOU &#8211; BEZ POVRCHVEJ UPRAVY<\/p>\n","protected":false},"excerpt":{"rendered":"<p>Materi\u00e1l: Nerez AISI 316, Povrchov\u00e1 \u00faprava: Pr\u00e1\u0161kovan\u00fd, V\u00fdpl\u0148: Lanko, Vzh\u013ead: Biela, L: 5,9, L1: 5<\/p>\n","protected":false},"featured_media":0,"comment_status":"closed","ping_status":"open","template":"","meta":[],"product_brand":[],"product_cat":[15],"product_tag":[],"class_list":{"0":"post-7791","1":"product","2":"type-product","3":"status-publish","5":"product_cat-uncategorized","7":"first","8":"instock","9":"sale","10":"purchasable","11":"product-type-simple"},"_links":{"self":[{"href":"https:\/\/aramiso-test.verteco.app\/index.php?rest_route=\/wp\/v2\/product\/7791","targetHints":{"allow":["GET"]}}],"collection":[{"href":"https:\/\/aramiso-test.verteco.app\/index.php?rest_route=\/wp\/v2\/product"}],"about":[{"href":"https:\/\/aramiso-test.verteco.app\/index.php?rest_route=\/wp\/v2\/types\/product"}],"replies":[{"embeddable":true,"href":"https:\/\/aramiso-test.verteco.app\/index.php?rest_route=%2Fwp%2Fv2%2Fcomments&post=7791"}],"wp:attachment":[{"href":"https:\/\/aramiso-test.verteco.app\/index.php?rest_route=%2Fwp%2Fv2%2Fmedia&parent=7791"}],"wp:term":[{"taxonomy":"product_brand","embeddable":true,"href":"https:\/\/aramiso-test.verteco.app\/index.php?rest_route=%2Fwp%2Fv2%2Fproduct_brand&post=7791"},{"taxonomy":"product_cat","embeddable":true,"href":"https:\/\/aramiso-test.verteco.app\/index.php?rest_route=%2Fwp%2Fv2%2Fproduct_cat&post=7791"},{"taxonomy":"product_tag","embeddable":true,"href":"https:\/\/aramiso-test.verteco.app\/index.php?rest_route=%2Fwp%2Fv2%2Fproduct_tag&post=7791"}],"curies":[{"name":"wp","href":"https:\/\/api.w.org\/{rel}","templated":true}]}}