{"id":7785,"date":"2025-10-26T12:04:11","date_gmt":"2025-10-26T12:04:11","guid":{"rendered":"https:\/\/aramiso-test.verteco.app\/?product=lankova-vypln-siet-3"},"modified":"2025-10-26T12:04:12","modified_gmt":"2025-10-26T12:04:12","slug":"lankova-vypln-siet-3","status":"publish","type":"product","link":"https:\/\/aramiso-test.verteco.app\/?product=lankova-vypln-siet-3","title":{"rendered":"Lankov\u00e1 v\u00fdpl\u0148 &#8211; sie\u0165"},"content":{"rendered":"<p>Lankov\u00e1 v\u00fdpl\u0148 (siet) farba \u010dierna sa pred\u00e1va na metr\u00e1\u017e v stiahnutom stave.Na dosiahnutie po\u017eadovanej d\u013a\u017eky ( s okom 70x120mm) je potrebn\u00e9 objedna\u0165 o 18% dlh\u0161iu sie\u0165 nako\u013eko sa pred\u00e1va v stiahnutom stave.<br \/>\nPrepojenie laniek pri L1m je OTVORENOU SPOJKOU &#8211; FARBA \u010cIERNA<\/p>\n","protected":false},"excerpt":{"rendered":"<p>Materi\u00e1l: Nerez AISI 316, Povrchov\u00e1 \u00faprava: oxide black, V\u00fdpl\u0148: Lanko, L: m, L1: m\/1,18<\/p>\n","protected":false},"featured_media":0,"comment_status":"closed","ping_status":"open","template":"","meta":[],"product_brand":[],"product_cat":[15],"product_tag":[],"class_list":{"0":"post-7785","1":"product","2":"type-product","3":"status-publish","5":"product_cat-uncategorized","7":"first","8":"instock","9":"sale","10":"purchasable","11":"product-type-simple"},"_links":{"self":[{"href":"https:\/\/aramiso-test.verteco.app\/index.php?rest_route=\/wp\/v2\/product\/7785","targetHints":{"allow":["GET"]}}],"collection":[{"href":"https:\/\/aramiso-test.verteco.app\/index.php?rest_route=\/wp\/v2\/product"}],"about":[{"href":"https:\/\/aramiso-test.verteco.app\/index.php?rest_route=\/wp\/v2\/types\/product"}],"replies":[{"embeddable":true,"href":"https:\/\/aramiso-test.verteco.app\/index.php?rest_route=%2Fwp%2Fv2%2Fcomments&post=7785"}],"wp:attachment":[{"href":"https:\/\/aramiso-test.verteco.app\/index.php?rest_route=%2Fwp%2Fv2%2Fmedia&parent=7785"}],"wp:term":[{"taxonomy":"product_brand","embeddable":true,"href":"https:\/\/aramiso-test.verteco.app\/index.php?rest_route=%2Fwp%2Fv2%2Fproduct_brand&post=7785"},{"taxonomy":"product_cat","embeddable":true,"href":"https:\/\/aramiso-test.verteco.app\/index.php?rest_route=%2Fwp%2Fv2%2Fproduct_cat&post=7785"},{"taxonomy":"product_tag","embeddable":true,"href":"https:\/\/aramiso-test.verteco.app\/index.php?rest_route=%2Fwp%2Fv2%2Fproduct_tag&post=7785"}],"curies":[{"name":"wp","href":"https:\/\/api.w.org\/{rel}","templated":true}]}}