{"id":7784,"date":"2025-08-03T11:16:57","date_gmt":"2025-08-03T11:16:57","guid":{"rendered":"https:\/\/aramiso-test.verteco.app\/?product=siet-lankova-vypln-6"},"modified":"2025-08-03T11:17:07","modified_gmt":"2025-08-03T11:17:07","slug":"siet-lankova-vypln-6","status":"publish","type":"product","link":"https:\/\/aramiso-test.verteco.app\/?product=siet-lankova-vypln-6","title":{"rendered":"Sie\u0165 &#8211; lankov\u00e1 v\u00fdpl\u0148"},"content":{"rendered":"<p>Lankov\u00e1 v\u00fdpl\u0148 (siet) sa pred\u00e1va na metr\u00e1\u017e v stiahnutom stave.Na dosiahnutie po\u017eadovanej d\u013a\u017eky ( s okom 50x88mm) je potrebn\u00e9 objedna\u0165 o 15% dlh\u0161iu sie\u0165 nako\u013eko sa pred\u00e1va v stiahnutom stave.<br \/>\nPrepojenie laniek pri L1m je OTVORENOU SPOJKOU<\/p>\n","protected":false},"excerpt":{"rendered":"<p>Materi\u00e1l: Nerez AISI 316, Povrchov\u00e1 \u00faprava: Natural, V\u00fdpl\u0148: Lanko, L: m, L1: m\/1,15<\/p>\n","protected":false},"featured_media":0,"comment_status":"closed","ping_status":"open","template":"","meta":[],"product_brand":[],"product_cat":[15],"product_tag":[],"class_list":{"0":"post-7784","1":"product","2":"type-product","3":"status-publish","5":"product_cat-uncategorized","7":"first","8":"onbackorder","9":"sale","10":"purchasable","11":"product-type-simple"},"_links":{"self":[{"href":"https:\/\/aramiso-test.verteco.app\/index.php?rest_route=\/wp\/v2\/product\/7784","targetHints":{"allow":["GET"]}}],"collection":[{"href":"https:\/\/aramiso-test.verteco.app\/index.php?rest_route=\/wp\/v2\/product"}],"about":[{"href":"https:\/\/aramiso-test.verteco.app\/index.php?rest_route=\/wp\/v2\/types\/product"}],"replies":[{"embeddable":true,"href":"https:\/\/aramiso-test.verteco.app\/index.php?rest_route=%2Fwp%2Fv2%2Fcomments&post=7784"}],"wp:attachment":[{"href":"https:\/\/aramiso-test.verteco.app\/index.php?rest_route=%2Fwp%2Fv2%2Fmedia&parent=7784"}],"wp:term":[{"taxonomy":"product_brand","embeddable":true,"href":"https:\/\/aramiso-test.verteco.app\/index.php?rest_route=%2Fwp%2Fv2%2Fproduct_brand&post=7784"},{"taxonomy":"product_cat","embeddable":true,"href":"https:\/\/aramiso-test.verteco.app\/index.php?rest_route=%2Fwp%2Fv2%2Fproduct_cat&post=7784"},{"taxonomy":"product_tag","embeddable":true,"href":"https:\/\/aramiso-test.verteco.app\/index.php?rest_route=%2Fwp%2Fv2%2Fproduct_tag&post=7784"}],"curies":[{"name":"wp","href":"https:\/\/api.w.org\/{rel}","templated":true}]}}