{"id":7762,"date":"2025-08-03T11:16:41","date_gmt":"2025-08-03T11:16:41","guid":{"rendered":"https:\/\/aramiso-test.verteco.app\/?product=lanko-nerezove-exterier-3"},"modified":"2025-08-03T11:16:48","modified_gmt":"2025-08-03T11:16:48","slug":"lanko-nerezove-exterier-3","status":"publish","type":"product","link":"https:\/\/aramiso-test.verteco.app\/?product=lanko-nerezove-exterier-3","title":{"rendered":"Lanko nerezov\u00e9 -exteri\u00e9r"},"content":{"rendered":"<p>Lano sa vyr\u00e1ba na b\u00e1ze kvalitnej nerezovej ocele AISI316, ktor\u00e1 sa vyzna\u010duje zv\u00fd\u0161enou odolnos\u0165ou vo\u010di chemick\u00fdm \u010dinidl\u00e1m.<\/p>\n","protected":false},"excerpt":{"rendered":"<p>Materi\u00e1l: Nerez AISI 316, Povrchov\u00e1 \u00faprava: Natural, V\u00fdpl\u0148: Lanko, L: 50 m, d: 5<\/p>\n","protected":false},"featured_media":0,"comment_status":"closed","ping_status":"open","template":"","meta":[],"product_brand":[],"product_cat":[15],"product_tag":[],"class_list":{"0":"post-7762","1":"product","2":"type-product","3":"status-publish","5":"product_cat-uncategorized","7":"first","8":"onbackorder","9":"sale","10":"purchasable","11":"product-type-simple"},"_links":{"self":[{"href":"https:\/\/aramiso-test.verteco.app\/index.php?rest_route=\/wp\/v2\/product\/7762","targetHints":{"allow":["GET"]}}],"collection":[{"href":"https:\/\/aramiso-test.verteco.app\/index.php?rest_route=\/wp\/v2\/product"}],"about":[{"href":"https:\/\/aramiso-test.verteco.app\/index.php?rest_route=\/wp\/v2\/types\/product"}],"replies":[{"embeddable":true,"href":"https:\/\/aramiso-test.verteco.app\/index.php?rest_route=%2Fwp%2Fv2%2Fcomments&post=7762"}],"wp:attachment":[{"href":"https:\/\/aramiso-test.verteco.app\/index.php?rest_route=%2Fwp%2Fv2%2Fmedia&parent=7762"}],"wp:term":[{"taxonomy":"product_brand","embeddable":true,"href":"https:\/\/aramiso-test.verteco.app\/index.php?rest_route=%2Fwp%2Fv2%2Fproduct_brand&post=7762"},{"taxonomy":"product_cat","embeddable":true,"href":"https:\/\/aramiso-test.verteco.app\/index.php?rest_route=%2Fwp%2Fv2%2Fproduct_cat&post=7762"},{"taxonomy":"product_tag","embeddable":true,"href":"https:\/\/aramiso-test.verteco.app\/index.php?rest_route=%2Fwp%2Fv2%2Fproduct_tag&post=7762"}],"curies":[{"name":"wp","href":"https:\/\/api.w.org\/{rel}","templated":true}]}}