{"id":7749,"date":"2025-08-03T11:16:23","date_gmt":"2025-08-03T11:16:23","guid":{"rendered":"https:\/\/aramiso-test.verteco.app\/?product=nerezove-lanko-pre-exterier"},"modified":"2025-08-03T11:16:37","modified_gmt":"2025-08-03T11:16:37","slug":"nerezove-lanko-pre-exterier","status":"publish","type":"product","link":"https:\/\/aramiso-test.verteco.app\/?product=nerezove-lanko-pre-exterier","title":{"rendered":"Nerezov\u00e9 lanko pre exteri\u00e9r"},"content":{"rendered":"<p>Nerezov\u00e9 lank\u00e1 s\u00fa ide\u00e1lnou vo\u013ebou pre modern\u00e9 z\u00e1bradlia v interi\u00e9roch i exteri\u00e9roch, nako\u013eko s\u00fa nielen praktick\u00e9, ale aj ve\u013emi estetick\u00e9. Vhodne dop\u013a\u0148aj\u00fa minimalistick\u00fd dizajn a m\u00f4\u017eu sa kombinova\u0165 s r\u00f4znymi materi\u00e1lmi, ako je sklo alebo drevo.<\/p>\n","protected":false},"excerpt":{"rendered":"<p>Materi\u00e1l: Nerez AISI 316, Povrchov\u00e1 \u00faprava: Natural, L: m, d: 6<\/p>\n","protected":false},"featured_media":0,"comment_status":"closed","ping_status":"open","template":"","meta":[],"product_brand":[],"product_cat":[15],"product_tag":[],"class_list":{"0":"post-7749","1":"product","2":"type-product","3":"status-publish","5":"product_cat-uncategorized","7":"first","8":"onbackorder","9":"sale","10":"purchasable","11":"product-type-simple"},"_links":{"self":[{"href":"https:\/\/aramiso-test.verteco.app\/index.php?rest_route=\/wp\/v2\/product\/7749","targetHints":{"allow":["GET"]}}],"collection":[{"href":"https:\/\/aramiso-test.verteco.app\/index.php?rest_route=\/wp\/v2\/product"}],"about":[{"href":"https:\/\/aramiso-test.verteco.app\/index.php?rest_route=\/wp\/v2\/types\/product"}],"replies":[{"embeddable":true,"href":"https:\/\/aramiso-test.verteco.app\/index.php?rest_route=%2Fwp%2Fv2%2Fcomments&post=7749"}],"wp:attachment":[{"href":"https:\/\/aramiso-test.verteco.app\/index.php?rest_route=%2Fwp%2Fv2%2Fmedia&parent=7749"}],"wp:term":[{"taxonomy":"product_brand","embeddable":true,"href":"https:\/\/aramiso-test.verteco.app\/index.php?rest_route=%2Fwp%2Fv2%2Fproduct_brand&post=7749"},{"taxonomy":"product_cat","embeddable":true,"href":"https:\/\/aramiso-test.verteco.app\/index.php?rest_route=%2Fwp%2Fv2%2Fproduct_cat&post=7749"},{"taxonomy":"product_tag","embeddable":true,"href":"https:\/\/aramiso-test.verteco.app\/index.php?rest_route=%2Fwp%2Fv2%2Fproduct_tag&post=7749"}],"curies":[{"name":"wp","href":"https:\/\/api.w.org\/{rel}","templated":true}]}}