{"id":7738,"date":"2025-08-03T11:16:23","date_gmt":"2025-08-03T11:16:23","guid":{"rendered":"https:\/\/aramiso-test.verteco.app\/?product=drziak-vyplne-pravy-2"},"modified":"2025-08-03T11:16:27","modified_gmt":"2025-08-03T11:16:27","slug":"drziak-vyplne-pravy-2","status":"publish","type":"product","link":"https:\/\/aramiso-test.verteco.app\/?product=drziak-vyplne-pravy-2","title":{"rendered":"Dr\u017eiak v\u00fdplne prav\u00fd"},"content":{"rendered":"<p>Nerezov\u00fd dr\u017eiak v\u00fdplne je kon\u0161truk\u010dn\u00fd prvok, ktor\u00fd sl\u00fa\u017ei na upevnenie v\u00fdplne do kon\u0161trukcie. Zvy\u010dajne vyu\u017e\u00edvan\u00fd pre uchytenie kruhovej v\u00fdplne zabradl\u00ed, ktor\u00e1 je uchyten\u00e1 na stlpik. Prav\u00fd koncov\u00fd dr\u017eiak v\u00fdplne sl\u00fa\u017ei ako koncovka v\u00fdplne, ktor\u00e1 prispieva k celkov\u00e9mu vzh\u013eadu a funk\u010dnosti kon\u0161trukcie.<\/p>\n","protected":false},"excerpt":{"rendered":"<p>Materi\u00e1l: Nerez AISI 304, Povrchov\u00e1 \u00faprava: Brus, V\u00fdpl\u0148: d12, St\u013apik: flat, Phi: flat, d: 12<\/p>\n","protected":false},"featured_media":0,"comment_status":"closed","ping_status":"open","template":"","meta":[],"product_brand":[],"product_cat":[15],"product_tag":[],"class_list":{"0":"post-7738","1":"product","2":"type-product","3":"status-publish","5":"product_cat-uncategorized","7":"first","8":"onbackorder","9":"sale","10":"purchasable","11":"product-type-simple"},"_links":{"self":[{"href":"https:\/\/aramiso-test.verteco.app\/index.php?rest_route=\/wp\/v2\/product\/7738","targetHints":{"allow":["GET"]}}],"collection":[{"href":"https:\/\/aramiso-test.verteco.app\/index.php?rest_route=\/wp\/v2\/product"}],"about":[{"href":"https:\/\/aramiso-test.verteco.app\/index.php?rest_route=\/wp\/v2\/types\/product"}],"replies":[{"embeddable":true,"href":"https:\/\/aramiso-test.verteco.app\/index.php?rest_route=%2Fwp%2Fv2%2Fcomments&post=7738"}],"wp:attachment":[{"href":"https:\/\/aramiso-test.verteco.app\/index.php?rest_route=%2Fwp%2Fv2%2Fmedia&parent=7738"}],"wp:term":[{"taxonomy":"product_brand","embeddable":true,"href":"https:\/\/aramiso-test.verteco.app\/index.php?rest_route=%2Fwp%2Fv2%2Fproduct_brand&post=7738"},{"taxonomy":"product_cat","embeddable":true,"href":"https:\/\/aramiso-test.verteco.app\/index.php?rest_route=%2Fwp%2Fv2%2Fproduct_cat&post=7738"},{"taxonomy":"product_tag","embeddable":true,"href":"https:\/\/aramiso-test.verteco.app\/index.php?rest_route=%2Fwp%2Fv2%2Fproduct_tag&post=7738"}],"curies":[{"name":"wp","href":"https:\/\/api.w.org\/{rel}","templated":true}]}}