{"id":7684,"date":"2025-08-03T11:14:23","date_gmt":"2025-08-03T11:14:23","guid":{"rendered":"https:\/\/aramiso-test.verteco.app\/?product=kotvenie-bocne-kruhove-9"},"modified":"2025-08-03T11:14:33","modified_gmt":"2025-08-03T11:14:33","slug":"kotvenie-bocne-kruhove-9","status":"publish","type":"product","link":"https:\/\/aramiso-test.verteco.app\/?product=kotvenie-bocne-kruhove-9","title":{"rendered":"Kotvenie bo\u010dn\u00e9 kruhov\u00e9"},"content":{"rendered":"<p>Kotvenie nerezov\u00e9ho st\u013apika z boku je efekt\u00edvny a estetick\u00fd sp\u00f4sob upevnenia nerezov\u00e9ho z\u00e1bradlia, ktor\u00fd prin\u00e1\u0161a vysok\u00fa pevnos\u0165 a modern\u00fd vzh\u013ead, pri\u010dom z\u00e1rove\u0148 zabezpe\u010duje bezpe\u010dnos\u0165 a dlhodob\u00fa odolnos\u0165 vo\u010di vonkaj\u0161\u00edm vplyvom.<\/p>\n","protected":false},"excerpt":{"rendered":"<p>Materi\u00e1l: Nerez AISI 304, Povrchov\u00e1 \u00faprava: Brus, St\u013apik: D42,4&#215;2, Pou\u017eitie: Kotvenie, Kotvenie: Z boku<\/p>\n","protected":false},"featured_media":0,"comment_status":"closed","ping_status":"open","template":"","meta":[],"product_brand":[],"product_cat":[15],"product_tag":[],"class_list":{"0":"post-7684","1":"product","2":"type-product","3":"status-publish","5":"product_cat-uncategorized","7":"first","8":"onbackorder","9":"sale","10":"purchasable","11":"product-type-simple"},"_links":{"self":[{"href":"https:\/\/aramiso-test.verteco.app\/index.php?rest_route=\/wp\/v2\/product\/7684","targetHints":{"allow":["GET"]}}],"collection":[{"href":"https:\/\/aramiso-test.verteco.app\/index.php?rest_route=\/wp\/v2\/product"}],"about":[{"href":"https:\/\/aramiso-test.verteco.app\/index.php?rest_route=\/wp\/v2\/types\/product"}],"replies":[{"embeddable":true,"href":"https:\/\/aramiso-test.verteco.app\/index.php?rest_route=%2Fwp%2Fv2%2Fcomments&post=7684"}],"wp:attachment":[{"href":"https:\/\/aramiso-test.verteco.app\/index.php?rest_route=%2Fwp%2Fv2%2Fmedia&parent=7684"}],"wp:term":[{"taxonomy":"product_brand","embeddable":true,"href":"https:\/\/aramiso-test.verteco.app\/index.php?rest_route=%2Fwp%2Fv2%2Fproduct_brand&post=7684"},{"taxonomy":"product_cat","embeddable":true,"href":"https:\/\/aramiso-test.verteco.app\/index.php?rest_route=%2Fwp%2Fv2%2Fproduct_cat&post=7684"},{"taxonomy":"product_tag","embeddable":true,"href":"https:\/\/aramiso-test.verteco.app\/index.php?rest_route=%2Fwp%2Fv2%2Fproduct_tag&post=7684"}],"curies":[{"name":"wp","href":"https:\/\/api.w.org\/{rel}","templated":true}]}}