{"id":7679,"date":"2025-10-26T12:02:49","date_gmt":"2025-10-26T12:02:49","guid":{"rendered":"https:\/\/aramiso-test.verteco.app\/?product=kotvenie-bocne-obdlznikove-5"},"modified":"2025-10-26T12:02:51","modified_gmt":"2025-10-26T12:02:51","slug":"kotvenie-bocne-obdlznikove-5","status":"publish","type":"product","link":"https:\/\/aramiso-test.verteco.app\/?product=kotvenie-bocne-obdlznikove-5","title":{"rendered":"Kotvenie bo\u010dn\u00e9 obdl\u017en\u00edkov\u00e9"},"content":{"rendered":"<p>Bo\u010dn\u00e9 obd\u013a\u017en\u00edkov\u00e9 kotvenie st\u013apika je kon\u0161truk\u010dn\u00fd prvok pou\u017e\u00edvan\u00fd na pevn\u00e9 prichytenie st\u013apika. Tento typ kotvenia sa \u010dasto vyu\u017e\u00edva v architektonick\u00fdch a stavebn\u00fdch projektoch na zaistenie stability a bezpe\u010dnosti z\u00e1bradlia. Vyu\u017e\u00edva sa v r\u00f4znych aplik\u00e1ci\u00e1ch, ako s\u00fa z\u00e1bradlia na schodisk\u00e1ch, balk\u00f3noch, teras\u00e1ch alebo in\u00fdch s\u00fakromn\u00fdch priestoroch. Kotvenie je navrhnut\u00e9 tak, aby bolo nen\u00e1padn\u00e9 a estetick\u00e9, \u010d\u00edm prispieva k celkov\u00e9mu vzh\u013eadu kon\u0161trukcie. Obsahuje 2 otvory, ktor\u00e9 sl\u00fa\u017eia na ukotvenie.<\/p>\n","protected":false},"excerpt":{"rendered":"<p>Materi\u00e1l: Nerez AISI 304, Povrchov\u00e1 \u00faprava: Brus, Madlo: 40x40x2, Kotvenie: Z boku<\/p>\n","protected":false},"featured_media":0,"comment_status":"closed","ping_status":"open","template":"","meta":[],"product_brand":[],"product_cat":[15],"product_tag":[],"class_list":{"0":"post-7679","1":"product","2":"type-product","3":"status-publish","5":"product_cat-uncategorized","7":"first","8":"onbackorder","9":"sale","10":"purchasable","11":"product-type-simple"},"_links":{"self":[{"href":"https:\/\/aramiso-test.verteco.app\/index.php?rest_route=\/wp\/v2\/product\/7679","targetHints":{"allow":["GET"]}}],"collection":[{"href":"https:\/\/aramiso-test.verteco.app\/index.php?rest_route=\/wp\/v2\/product"}],"about":[{"href":"https:\/\/aramiso-test.verteco.app\/index.php?rest_route=\/wp\/v2\/types\/product"}],"replies":[{"embeddable":true,"href":"https:\/\/aramiso-test.verteco.app\/index.php?rest_route=%2Fwp%2Fv2%2Fcomments&post=7679"}],"wp:attachment":[{"href":"https:\/\/aramiso-test.verteco.app\/index.php?rest_route=%2Fwp%2Fv2%2Fmedia&parent=7679"}],"wp:term":[{"taxonomy":"product_brand","embeddable":true,"href":"https:\/\/aramiso-test.verteco.app\/index.php?rest_route=%2Fwp%2Fv2%2Fproduct_brand&post=7679"},{"taxonomy":"product_cat","embeddable":true,"href":"https:\/\/aramiso-test.verteco.app\/index.php?rest_route=%2Fwp%2Fv2%2Fproduct_cat&post=7679"},{"taxonomy":"product_tag","embeddable":true,"href":"https:\/\/aramiso-test.verteco.app\/index.php?rest_route=%2Fwp%2Fv2%2Fproduct_tag&post=7679"}],"curies":[{"name":"wp","href":"https:\/\/api.w.org\/{rel}","templated":true}]}}