{"id":7635,"date":"2025-08-03T11:12:52","date_gmt":"2025-08-03T11:12:52","guid":{"rendered":"https:\/\/aramiso-test.verteco.app\/?product=zaslepka-vyplne-19"},"modified":"2025-08-03T11:12:54","modified_gmt":"2025-08-03T11:12:54","slug":"zaslepka-vyplne-19","status":"publish","type":"product","link":"https:\/\/aramiso-test.verteco.app\/?product=zaslepka-vyplne-19","title":{"rendered":"Z\u00e1slepka v\u00fdplne"},"content":{"rendered":"<p>Z\u00e1slepka alebo ukon\u010denie v\u00fdplne pre z\u00e1bradlie je komponent, ktor\u00fd m\u00e1 tvar gule a sl\u00fa\u017ei na ukon\u010denie alebo uzatvorenie otvoren\u00fdch \u010dast\u00ed z\u00e1bradlia. T\u00fdm je dosiahnut\u00e1 bezpe\u010dnos\u0165, ochrana materi\u00e1lu ale aj estetickos\u0165. Chr\u00e1nia vn\u00fatro materi\u00e1lu pred prachom, vlhkos\u0165ou a in\u00fdmi vonkaj\u0161\u00edmi vplyvmi, ktor\u00e9 by mohli sp\u00f4sobi\u0165 kor\u00f3ziu alebo po\u0161kodenia. Uzavret\u00edm jednotliv\u00fdch v\u00fdpl\u0148ov\u00fdch profilov dod\u00e1va z\u00e1bradliu \u010dist\u00fd a jednotn\u00fd vzh\u013ead. Mont\u00e1\u017e z\u00e1slepky je dosiahnut\u00e1 pomocou lepen\u00e9ho spoja.<\/p>\n","protected":false},"excerpt":{"rendered":"<p>Materi\u00e1l: Nerez AISI 304, Povrchov\u00e1 \u00faprava: Brus, V\u00fdpl\u0148: d12, L: 23, D: 25, d: 12, H: 11<\/p>\n","protected":false},"featured_media":0,"comment_status":"closed","ping_status":"open","template":"","meta":[],"product_brand":[],"product_cat":[15],"product_tag":[],"class_list":{"0":"post-7635","1":"product","2":"type-product","3":"status-publish","5":"product_cat-uncategorized","7":"first","8":"onbackorder","9":"sale","10":"purchasable","11":"product-type-simple"},"_links":{"self":[{"href":"https:\/\/aramiso-test.verteco.app\/index.php?rest_route=\/wp\/v2\/product\/7635","targetHints":{"allow":["GET"]}}],"collection":[{"href":"https:\/\/aramiso-test.verteco.app\/index.php?rest_route=\/wp\/v2\/product"}],"about":[{"href":"https:\/\/aramiso-test.verteco.app\/index.php?rest_route=\/wp\/v2\/types\/product"}],"replies":[{"embeddable":true,"href":"https:\/\/aramiso-test.verteco.app\/index.php?rest_route=%2Fwp%2Fv2%2Fcomments&post=7635"}],"wp:attachment":[{"href":"https:\/\/aramiso-test.verteco.app\/index.php?rest_route=%2Fwp%2Fv2%2Fmedia&parent=7635"}],"wp:term":[{"taxonomy":"product_brand","embeddable":true,"href":"https:\/\/aramiso-test.verteco.app\/index.php?rest_route=%2Fwp%2Fv2%2Fproduct_brand&post=7635"},{"taxonomy":"product_cat","embeddable":true,"href":"https:\/\/aramiso-test.verteco.app\/index.php?rest_route=%2Fwp%2Fv2%2Fproduct_cat&post=7635"},{"taxonomy":"product_tag","embeddable":true,"href":"https:\/\/aramiso-test.verteco.app\/index.php?rest_route=%2Fwp%2Fv2%2Fproduct_tag&post=7635"}],"curies":[{"name":"wp","href":"https:\/\/api.w.org\/{rel}","templated":true}]}}