{"id":7628,"date":"2025-08-03T11:12:25","date_gmt":"2025-08-03T11:12:25","guid":{"rendered":"https:\/\/aramiso-test.verteco.app\/?product=zaslepka-vyplne-15"},"modified":"2025-08-03T11:12:45","modified_gmt":"2025-08-03T11:12:45","slug":"zaslepka-vyplne-15","status":"publish","type":"product","link":"https:\/\/aramiso-test.verteco.app\/?product=zaslepka-vyplne-15","title":{"rendered":"Z\u00e1slepka v\u00fdplne"},"content":{"rendered":"<p>Z\u00e1slepka v\u00fdplne je kon\u0161truk\u010dn\u00fd prvok pou\u017e\u00edvan\u00fd na zakrytie otvorov alebo koncov v\u00fdpln\u00ed, ktor\u00e9 sa \u010dasto nach\u00e1dzaj\u00fa v z\u00e1bradliach alebo in\u00fdch architektonick\u00fdch prvkoch. Z\u00e1slepka ma tvar valca a sl\u00fa\u017ei na estetick\u00e9 dokon\u010denie kon\u0161trukcie a z\u00e1rove\u0148 poskytuje ochranu a bezpe\u010dnos\u0165. Mont\u00e1\u017e z\u00e1slepky pre v\u00fdplne je jednoduch\u00e1 pomocou lepen\u00e9ho spoja.<\/p>\n","protected":false},"excerpt":{"rendered":"<p>Materi\u00e1l: Nerez AISI 304, Povrchov\u00e1 \u00faprava: Lesk, V\u00fdpl\u0148: d12, L: 15, D: 15, d: 12, H: 5<\/p>\n","protected":false},"featured_media":0,"comment_status":"closed","ping_status":"open","template":"","meta":[],"product_brand":[],"product_cat":[15],"product_tag":[],"class_list":{"0":"post-7628","1":"product","2":"type-product","3":"status-publish","5":"product_cat-uncategorized","7":"first","8":"onbackorder","9":"sale","10":"purchasable","11":"product-type-simple"},"_links":{"self":[{"href":"https:\/\/aramiso-test.verteco.app\/index.php?rest_route=\/wp\/v2\/product\/7628","targetHints":{"allow":["GET"]}}],"collection":[{"href":"https:\/\/aramiso-test.verteco.app\/index.php?rest_route=\/wp\/v2\/product"}],"about":[{"href":"https:\/\/aramiso-test.verteco.app\/index.php?rest_route=\/wp\/v2\/types\/product"}],"replies":[{"embeddable":true,"href":"https:\/\/aramiso-test.verteco.app\/index.php?rest_route=%2Fwp%2Fv2%2Fcomments&post=7628"}],"wp:attachment":[{"href":"https:\/\/aramiso-test.verteco.app\/index.php?rest_route=%2Fwp%2Fv2%2Fmedia&parent=7628"}],"wp:term":[{"taxonomy":"product_brand","embeddable":true,"href":"https:\/\/aramiso-test.verteco.app\/index.php?rest_route=%2Fwp%2Fv2%2Fproduct_brand&post=7628"},{"taxonomy":"product_cat","embeddable":true,"href":"https:\/\/aramiso-test.verteco.app\/index.php?rest_route=%2Fwp%2Fv2%2Fproduct_cat&post=7628"},{"taxonomy":"product_tag","embeddable":true,"href":"https:\/\/aramiso-test.verteco.app\/index.php?rest_route=%2Fwp%2Fv2%2Fproduct_tag&post=7628"}],"curies":[{"name":"wp","href":"https:\/\/api.w.org\/{rel}","templated":true}]}}