{"id":7615,"date":"2025-08-03T11:12:25","date_gmt":"2025-08-03T11:12:25","guid":{"rendered":"https:\/\/aramiso-test.verteco.app\/?product=adapter-vlozka-seda-pvc-d12mm-2"},"modified":"2025-08-03T11:12:26","modified_gmt":"2025-08-03T11:12:26","slug":"adapter-vlozka-seda-pvc-d12mm-2","status":"publish","type":"product","link":"https:\/\/aramiso-test.verteco.app\/?product=adapter-vlozka-seda-pvc-d12mm-2","title":{"rendered":"Adapt\u00e9r vlo\u017eka- \u0161ed\u00e1 PVC, d12mm"},"content":{"rendered":"<p>Adapt\u00e9r sl\u00fa\u017ei na vymedzenie v\u00f4le otvoru \u0161ikmej pr\u00fatovej v\u00fdplne.<\/p>\n","protected":false},"excerpt":{"rendered":"<p>Materi\u00e1l: PE, Povrchov\u00e1 \u00faprava: Natural, V\u00fdpl\u0148: d12, D: 14, d: 12<\/p>\n","protected":false},"featured_media":0,"comment_status":"closed","ping_status":"open","template":"","meta":[],"product_brand":[],"product_cat":[15],"product_tag":[],"class_list":{"0":"post-7615","1":"product","2":"type-product","3":"status-publish","5":"product_cat-uncategorized","7":"first","8":"onbackorder","9":"sale","10":"purchasable","11":"product-type-simple"},"_links":{"self":[{"href":"https:\/\/aramiso-test.verteco.app\/index.php?rest_route=\/wp\/v2\/product\/7615","targetHints":{"allow":["GET"]}}],"collection":[{"href":"https:\/\/aramiso-test.verteco.app\/index.php?rest_route=\/wp\/v2\/product"}],"about":[{"href":"https:\/\/aramiso-test.verteco.app\/index.php?rest_route=\/wp\/v2\/types\/product"}],"replies":[{"embeddable":true,"href":"https:\/\/aramiso-test.verteco.app\/index.php?rest_route=%2Fwp%2Fv2%2Fcomments&post=7615"}],"wp:attachment":[{"href":"https:\/\/aramiso-test.verteco.app\/index.php?rest_route=%2Fwp%2Fv2%2Fmedia&parent=7615"}],"wp:term":[{"taxonomy":"product_brand","embeddable":true,"href":"https:\/\/aramiso-test.verteco.app\/index.php?rest_route=%2Fwp%2Fv2%2Fproduct_brand&post=7615"},{"taxonomy":"product_cat","embeddable":true,"href":"https:\/\/aramiso-test.verteco.app\/index.php?rest_route=%2Fwp%2Fv2%2Fproduct_cat&post=7615"},{"taxonomy":"product_tag","embeddable":true,"href":"https:\/\/aramiso-test.verteco.app\/index.php?rest_route=%2Fwp%2Fv2%2Fproduct_tag&post=7615"}],"curies":[{"name":"wp","href":"https:\/\/api.w.org\/{rel}","templated":true}]}}