{"id":7605,"date":"2025-10-26T12:02:30","date_gmt":"2025-10-26T12:02:30","guid":{"rendered":"https:\/\/aramiso-test.verteco.app\/?product=zaslepka-ukoncenie-madla-5"},"modified":"2025-10-26T12:02:33","modified_gmt":"2025-10-26T12:02:33","slug":"zaslepka-ukoncenie-madla-5","status":"publish","type":"product","link":"https:\/\/aramiso-test.verteco.app\/?product=zaslepka-ukoncenie-madla-5","title":{"rendered":"Z\u00e1slepka &#8211; ukon\u010denie madla"},"content":{"rendered":"<p>Ukon\u010denie madla je d\u00f4le\u017eit\u00fdm dizajnov\u00fdm prvkom, ktor\u00fd zabezpe\u010duje dokon\u010den\u00fd vzh\u013ead a ochranu koncovej \u010dasti madla alebo rukov\u00e4te, z\u00e1rove\u0148 poskytuje aj pohodln\u00e9 uchopenie pre pou\u017e\u00edvate\u013ea. Ukon\u010denie madla sa obvykle montuje priamo na koncov\u00fa \u010das\u0165 madla pomocou lepidla.<\/p>\n","protected":false},"excerpt":{"rendered":"<p>Materi\u00e1l: Nerez AISI 304, Povrchov\u00e1 \u00faprava: Brus, St\u013apik: D42,4&#215;2, Madlo: D42,4&#215;2<\/p>\n","protected":false},"featured_media":0,"comment_status":"closed","ping_status":"open","template":"","meta":[],"product_brand":[],"product_cat":[15],"product_tag":[],"class_list":{"0":"post-7605","1":"product","2":"type-product","3":"status-publish","5":"product_cat-uncategorized","7":"first","8":"onbackorder","9":"sale","10":"purchasable","11":"product-type-simple"},"_links":{"self":[{"href":"https:\/\/aramiso-test.verteco.app\/index.php?rest_route=\/wp\/v2\/product\/7605","targetHints":{"allow":["GET"]}}],"collection":[{"href":"https:\/\/aramiso-test.verteco.app\/index.php?rest_route=\/wp\/v2\/product"}],"about":[{"href":"https:\/\/aramiso-test.verteco.app\/index.php?rest_route=\/wp\/v2\/types\/product"}],"replies":[{"embeddable":true,"href":"https:\/\/aramiso-test.verteco.app\/index.php?rest_route=%2Fwp%2Fv2%2Fcomments&post=7605"}],"wp:attachment":[{"href":"https:\/\/aramiso-test.verteco.app\/index.php?rest_route=%2Fwp%2Fv2%2Fmedia&parent=7605"}],"wp:term":[{"taxonomy":"product_brand","embeddable":true,"href":"https:\/\/aramiso-test.verteco.app\/index.php?rest_route=%2Fwp%2Fv2%2Fproduct_brand&post=7605"},{"taxonomy":"product_cat","embeddable":true,"href":"https:\/\/aramiso-test.verteco.app\/index.php?rest_route=%2Fwp%2Fv2%2Fproduct_cat&post=7605"},{"taxonomy":"product_tag","embeddable":true,"href":"https:\/\/aramiso-test.verteco.app\/index.php?rest_route=%2Fwp%2Fv2%2Fproduct_tag&post=7605"}],"curies":[{"name":"wp","href":"https:\/\/api.w.org\/{rel}","templated":true}]}}