{"id":7597,"date":"2025-08-03T11:12:02","date_gmt":"2025-08-03T11:12:02","guid":{"rendered":"https:\/\/aramiso-test.verteco.app\/?product=ukoncenie-madla-polgulove-natural"},"modified":"2025-08-03T11:12:06","modified_gmt":"2025-08-03T11:12:06","slug":"ukoncenie-madla-polgulove-natural","status":"publish","type":"product","link":"https:\/\/aramiso-test.verteco.app\/?product=ukoncenie-madla-polgulove-natural","title":{"rendered":"Ukon\u010denie madla polgu\u013eov\u00e9 NATURAL"},"content":{"rendered":"<p>Ukon\u010denie madla polgu\u013eov\u00e9 BUK nelakovan\u00e9 D42mm s otvorom pre kolik D12mm k madl\u00e1m WB\/D42&#8230;NATURAL.<br \/>\nNebr\u00fasen\u00e9, mo\u017en\u00e9 povrchov\u00e9 nerovnosti.<\/p>\n","protected":false},"excerpt":{"rendered":"<p>Materi\u00e1l: Drevo Buk, Povrchov\u00e1 \u00faprava: Natural, L: 20, D: 42, Phi: 42<\/p>\n","protected":false},"featured_media":0,"comment_status":"closed","ping_status":"open","template":"","meta":[],"product_brand":[],"product_cat":[15],"product_tag":[],"class_list":{"0":"post-7597","1":"product","2":"type-product","3":"status-publish","5":"product_cat-uncategorized","7":"first","8":"onbackorder","9":"sale","10":"purchasable","11":"product-type-simple"},"_links":{"self":[{"href":"https:\/\/aramiso-test.verteco.app\/index.php?rest_route=\/wp\/v2\/product\/7597","targetHints":{"allow":["GET"]}}],"collection":[{"href":"https:\/\/aramiso-test.verteco.app\/index.php?rest_route=\/wp\/v2\/product"}],"about":[{"href":"https:\/\/aramiso-test.verteco.app\/index.php?rest_route=\/wp\/v2\/types\/product"}],"replies":[{"embeddable":true,"href":"https:\/\/aramiso-test.verteco.app\/index.php?rest_route=%2Fwp%2Fv2%2Fcomments&post=7597"}],"wp:attachment":[{"href":"https:\/\/aramiso-test.verteco.app\/index.php?rest_route=%2Fwp%2Fv2%2Fmedia&parent=7597"}],"wp:term":[{"taxonomy":"product_brand","embeddable":true,"href":"https:\/\/aramiso-test.verteco.app\/index.php?rest_route=%2Fwp%2Fv2%2Fproduct_brand&post=7597"},{"taxonomy":"product_cat","embeddable":true,"href":"https:\/\/aramiso-test.verteco.app\/index.php?rest_route=%2Fwp%2Fv2%2Fproduct_cat&post=7597"},{"taxonomy":"product_tag","embeddable":true,"href":"https:\/\/aramiso-test.verteco.app\/index.php?rest_route=%2Fwp%2Fv2%2Fproduct_tag&post=7597"}],"curies":[{"name":"wp","href":"https:\/\/api.w.org\/{rel}","templated":true}]}}