{"id":7596,"date":"2025-08-03T11:12:02","date_gmt":"2025-08-03T11:12:02","guid":{"rendered":"https:\/\/aramiso-test.verteco.app\/?product=ukoncenie-madla-polgulove-dub-natural"},"modified":"2025-08-03T11:12:05","modified_gmt":"2025-08-03T11:12:05","slug":"ukoncenie-madla-polgulove-dub-natural","status":"publish","type":"product","link":"https:\/\/aramiso-test.verteco.app\/?product=ukoncenie-madla-polgulove-dub-natural","title":{"rendered":"Ukon\u010denie madla polgu\u013eov\u00e9-DUB NATURAL"},"content":{"rendered":"<p>Ukon\u010denie madla polgu\u013eov\u00e9 DUB nelakovan\u00e9 D42mm s otvorom pre kolik D12mm k madl\u00e1m WD\/D42&#8230;NATURAL.<br \/>\nNebr\u00fasen\u00e9, mo\u017en\u00e9 povrchov\u00e9 nerovnosti.<\/p>\n","protected":false},"excerpt":{"rendered":"<p>Materi\u00e1l: Drevo Dub, Povrchov\u00e1 \u00faprava: Natural, St\u013apik: D42,4&#215;2, L: 20, Madlo: D42 &#8211; pln\u00e9, Phi: 42, D: 42<\/p>\n","protected":false},"featured_media":0,"comment_status":"closed","ping_status":"open","template":"","meta":[],"product_brand":[],"product_cat":[15],"product_tag":[],"class_list":{"0":"post-7596","1":"product","2":"type-product","3":"status-publish","5":"product_cat-uncategorized","7":"first","8":"onbackorder","9":"sale","10":"purchasable","11":"product-type-simple"},"_links":{"self":[{"href":"https:\/\/aramiso-test.verteco.app\/index.php?rest_route=\/wp\/v2\/product\/7596","targetHints":{"allow":["GET"]}}],"collection":[{"href":"https:\/\/aramiso-test.verteco.app\/index.php?rest_route=\/wp\/v2\/product"}],"about":[{"href":"https:\/\/aramiso-test.verteco.app\/index.php?rest_route=\/wp\/v2\/types\/product"}],"replies":[{"embeddable":true,"href":"https:\/\/aramiso-test.verteco.app\/index.php?rest_route=%2Fwp%2Fv2%2Fcomments&post=7596"}],"wp:attachment":[{"href":"https:\/\/aramiso-test.verteco.app\/index.php?rest_route=%2Fwp%2Fv2%2Fmedia&parent=7596"}],"wp:term":[{"taxonomy":"product_brand","embeddable":true,"href":"https:\/\/aramiso-test.verteco.app\/index.php?rest_route=%2Fwp%2Fv2%2Fproduct_brand&post=7596"},{"taxonomy":"product_cat","embeddable":true,"href":"https:\/\/aramiso-test.verteco.app\/index.php?rest_route=%2Fwp%2Fv2%2Fproduct_cat&post=7596"},{"taxonomy":"product_tag","embeddable":true,"href":"https:\/\/aramiso-test.verteco.app\/index.php?rest_route=%2Fwp%2Fv2%2Fproduct_tag&post=7596"}],"curies":[{"name":"wp","href":"https:\/\/api.w.org\/{rel}","templated":true}]}}