{"id":7544,"date":"2025-10-26T12:02:19","date_gmt":"2025-10-26T12:02:19","guid":{"rendered":"https:\/\/aramiso-test.verteco.app\/?product=zaslepka-madla-drevo"},"modified":"2025-10-26T12:02:21","modified_gmt":"2025-10-26T12:02:21","slug":"zaslepka-madla-drevo","status":"publish","type":"product","link":"https:\/\/aramiso-test.verteco.app\/?product=zaslepka-madla-drevo","title":{"rendered":"Z\u00e1slepka madla\/drevo"},"content":{"rendered":"<p>Z\u00e1slepka madla je neoddelite\u013enou s\u00fa\u010das\u0165ou modern\u00fdch stavebn\u00fdch a architektonick\u00fdch rie\u0161en\u00ed, ktor\u00e1 kombinuje funk\u010dnos\u0165, bezpe\u010dnos\u0165 a estetiku. Nerezov\u00e1 z\u00e1slepka na dreven\u00e9 madlo zabezpe\u010duje estetick\u00fd vzh\u013ead, prep\u00e1ja kombin\u00e1ciu dreva s nerezom a z\u00e1rove\u0148 chr\u00e1ni dreven\u00e9 madlo. Pre mont\u00e1\u017e z\u00e1slepky je potrebn\u00e9 pou\u017ei\u0165 A20\/0729-042-S alebo A20\/0729-042-S1.<\/p>\n","protected":false},"excerpt":{"rendered":"<p>Materi\u00e1l: Nerez AISI 304, Povrchov\u00e1 \u00faprava: Brus, Madlo: D42,4&#215;2<\/p>\n","protected":false},"featured_media":0,"comment_status":"closed","ping_status":"open","template":"","meta":[],"product_brand":[],"product_cat":[15],"product_tag":[],"class_list":{"0":"post-7544","1":"product","2":"type-product","3":"status-publish","5":"product_cat-uncategorized","7":"first","8":"onbackorder","9":"sale","10":"purchasable","11":"product-type-simple"},"_links":{"self":[{"href":"https:\/\/aramiso-test.verteco.app\/index.php?rest_route=\/wp\/v2\/product\/7544","targetHints":{"allow":["GET"]}}],"collection":[{"href":"https:\/\/aramiso-test.verteco.app\/index.php?rest_route=\/wp\/v2\/product"}],"about":[{"href":"https:\/\/aramiso-test.verteco.app\/index.php?rest_route=\/wp\/v2\/types\/product"}],"replies":[{"embeddable":true,"href":"https:\/\/aramiso-test.verteco.app\/index.php?rest_route=%2Fwp%2Fv2%2Fcomments&post=7544"}],"wp:attachment":[{"href":"https:\/\/aramiso-test.verteco.app\/index.php?rest_route=%2Fwp%2Fv2%2Fmedia&parent=7544"}],"wp:term":[{"taxonomy":"product_brand","embeddable":true,"href":"https:\/\/aramiso-test.verteco.app\/index.php?rest_route=%2Fwp%2Fv2%2Fproduct_brand&post=7544"},{"taxonomy":"product_cat","embeddable":true,"href":"https:\/\/aramiso-test.verteco.app\/index.php?rest_route=%2Fwp%2Fv2%2Fproduct_cat&post=7544"},{"taxonomy":"product_tag","embeddable":true,"href":"https:\/\/aramiso-test.verteco.app\/index.php?rest_route=%2Fwp%2Fv2%2Fproduct_tag&post=7544"}],"curies":[{"name":"wp","href":"https:\/\/api.w.org\/{rel}","templated":true}]}}