{"id":7541,"date":"2025-08-03T11:08:46","date_gmt":"2025-08-03T11:08:46","guid":{"rendered":"https:\/\/aramiso-test.verteco.app\/?product=zaslepka-seda-pvc-d424x2mm"},"modified":"2025-08-03T11:08:54","modified_gmt":"2025-08-03T11:08:54","slug":"zaslepka-seda-pvc-d424x2mm","status":"publish","type":"product","link":"https:\/\/aramiso-test.verteco.app\/?product=zaslepka-seda-pvc-d424x2mm","title":{"rendered":"Z\u00e1slepka &#8211; \u0161ed\u00e1 PVC, D42,4x2mm"},"content":{"rendered":"<p>Z\u00e1slepky vhodn\u00e9 do trubiek alebo ekvivalentn\u00fdch otvorov. Materi\u00e1l a kon\u0161trukcia drieku poskytuj\u00fa podporu proti vypadnutiu a \u013eahk\u00fa mont\u00e1\u017e<br \/>\nFarba: siv\u00e1 (RAL 7042)<br \/>\nMateri\u00e1l: Polyethylene (PE)<\/p>\n","protected":false},"excerpt":{"rendered":"<p>Materi\u00e1l: Plast, Povrchov\u00e1 \u00faprava: Natural, St\u013apik: D42,4&#215;2, Madlo: D42,4&#215;2, D: 42,4&#215;2,0, H: 5<\/p>\n","protected":false},"featured_media":0,"comment_status":"closed","ping_status":"open","template":"","meta":[],"product_brand":[],"product_cat":[15],"product_tag":[],"class_list":{"0":"post-7541","1":"product","2":"type-product","3":"status-publish","5":"product_cat-uncategorized","7":"first","8":"onbackorder","9":"sale","10":"purchasable","11":"product-type-simple"},"_links":{"self":[{"href":"https:\/\/aramiso-test.verteco.app\/index.php?rest_route=\/wp\/v2\/product\/7541","targetHints":{"allow":["GET"]}}],"collection":[{"href":"https:\/\/aramiso-test.verteco.app\/index.php?rest_route=\/wp\/v2\/product"}],"about":[{"href":"https:\/\/aramiso-test.verteco.app\/index.php?rest_route=\/wp\/v2\/types\/product"}],"replies":[{"embeddable":true,"href":"https:\/\/aramiso-test.verteco.app\/index.php?rest_route=%2Fwp%2Fv2%2Fcomments&post=7541"}],"wp:attachment":[{"href":"https:\/\/aramiso-test.verteco.app\/index.php?rest_route=%2Fwp%2Fv2%2Fmedia&parent=7541"}],"wp:term":[{"taxonomy":"product_brand","embeddable":true,"href":"https:\/\/aramiso-test.verteco.app\/index.php?rest_route=%2Fwp%2Fv2%2Fproduct_brand&post=7541"},{"taxonomy":"product_cat","embeddable":true,"href":"https:\/\/aramiso-test.verteco.app\/index.php?rest_route=%2Fwp%2Fv2%2Fproduct_cat&post=7541"},{"taxonomy":"product_tag","embeddable":true,"href":"https:\/\/aramiso-test.verteco.app\/index.php?rest_route=%2Fwp%2Fv2%2Fproduct_tag&post=7541"}],"curies":[{"name":"wp","href":"https:\/\/api.w.org\/{rel}","templated":true}]}}