{"id":7538,"date":"2025-08-03T11:08:46","date_gmt":"2025-08-03T11:08:46","guid":{"rendered":"https:\/\/aramiso-test.verteco.app\/?product=prechod-madla-spojka-7"},"modified":"2025-08-03T11:08:51","modified_gmt":"2025-08-03T11:08:51","slug":"prechod-madla-spojka-7","status":"publish","type":"product","link":"https:\/\/aramiso-test.verteco.app\/?product=prechod-madla-spojka-7","title":{"rendered":"Prechod madla &#8211; spojka"},"content":{"rendered":"<p>Prechod madla &#8211; spojka sa pou\u017e\u00edva na spojenie dvoch \u010dast\u00ed madla alebo rukov\u00e4te, \u010do umo\u017e\u0148uje pred\u013a\u017eenie alebo vytvorenie jedn\u00e9ho dlh\u0161ieho madla. Tento druh spojky sa vyzna\u010duje t\u00fdm, \u017ee zabezpe\u010duje pevn\u00e9 a spo\u013eahliv\u00e9 spojenie medzi dvoma \u010das\u0165ami madla, \u010d\u00edm umo\u017e\u0148uje plynul\u00e9 pokra\u010dovanie rukov\u00e4te.<\/p>\n","protected":false},"excerpt":{"rendered":"<p>Materi\u00e1l: Nerez AISI 304, Povrchov\u00e1 \u00faprava: Brus, Madlo: D33,7&#215;2, H: 5, Phi: 33,7&#215;2,0<\/p>\n","protected":false},"featured_media":0,"comment_status":"closed","ping_status":"open","template":"","meta":[],"product_brand":[],"product_cat":[15],"product_tag":[],"class_list":{"0":"post-7538","1":"product","2":"type-product","3":"status-publish","5":"product_cat-uncategorized","7":"first","8":"onbackorder","9":"sale","10":"purchasable","11":"product-type-simple"},"_links":{"self":[{"href":"https:\/\/aramiso-test.verteco.app\/index.php?rest_route=\/wp\/v2\/product\/7538","targetHints":{"allow":["GET"]}}],"collection":[{"href":"https:\/\/aramiso-test.verteco.app\/index.php?rest_route=\/wp\/v2\/product"}],"about":[{"href":"https:\/\/aramiso-test.verteco.app\/index.php?rest_route=\/wp\/v2\/types\/product"}],"replies":[{"embeddable":true,"href":"https:\/\/aramiso-test.verteco.app\/index.php?rest_route=%2Fwp%2Fv2%2Fcomments&post=7538"}],"wp:attachment":[{"href":"https:\/\/aramiso-test.verteco.app\/index.php?rest_route=%2Fwp%2Fv2%2Fmedia&parent=7538"}],"wp:term":[{"taxonomy":"product_brand","embeddable":true,"href":"https:\/\/aramiso-test.verteco.app\/index.php?rest_route=%2Fwp%2Fv2%2Fproduct_brand&post=7538"},{"taxonomy":"product_cat","embeddable":true,"href":"https:\/\/aramiso-test.verteco.app\/index.php?rest_route=%2Fwp%2Fv2%2Fproduct_cat&post=7538"},{"taxonomy":"product_tag","embeddable":true,"href":"https:\/\/aramiso-test.verteco.app\/index.php?rest_route=%2Fwp%2Fv2%2Fproduct_tag&post=7538"}],"curies":[{"name":"wp","href":"https:\/\/api.w.org\/{rel}","templated":true}]}}