{"id":7524,"date":"2025-08-25T11:00:53","date_gmt":"2025-08-25T11:00:53","guid":{"rendered":"https:\/\/aramiso-test.verteco.app\/?product=prechod-vyplne-nastavitelny-10"},"modified":"2025-08-25T11:00:56","modified_gmt":"2025-08-25T11:00:56","slug":"prechod-vyplne-nastavitelny-10","status":"publish","type":"product","link":"https:\/\/aramiso-test.verteco.app\/?product=prechod-vyplne-nastavitelny-10","title":{"rendered":"Prechod v\u00fdplne nastavite\u013en\u00fd"},"content":{"rendered":"<p>Prechod v\u00fdplne pre z\u00e1bradlie je technick\u00fd a dizajnov\u00fd prvok, ktor\u00fd umo\u017e\u0148uje hladk\u00fd a plynul\u00fd prechod medzi dvomi \u010das\u0165ami pr\u00fatovej v\u00fdplne pou\u017eit\u00fdmi v z\u00e1bradl\u00ed. Pou\u017e\u00edvaj\u00fa sa tam, kde je potrebn\u00e9 prepoji\u0165 r\u00f4zne sekcie z\u00e1bradlia v jednej rovine, je mo\u017en\u00e9 povedat\u00b4 \u017ee sl\u00fa\u017ei aj ako spojka pre pr\u00fatov\u00fa v\u00fdpl\u0148. Tie\u017e sa pou\u017e\u00edvaj\u00fa pri zmen\u00e1ch v\u00fd\u0161ky z\u00e1bradlia, napr\u00edklad na schodisku, kde v\u00fdpl\u0148 mus\u00ed sledova\u0165 st\u00fapanie a klesanie schodov. Ke\u010f\u017ee prechod v\u00fdplne je nastavite\u013en\u00fd ( \u00b190\u00b0 ) pou\u017e\u00edvaj\u00fa sa aj v rohoch alebo pri zmene smeru z\u00e1bradlia, aby sa zabezpe\u010dil hladk\u00fd prechod medzi r\u00f4znymi \u010das\u0165ami z\u00e1bradlia. Tieto komponenty zni\u017euju riziko \u00farazu odstr\u00e1nen\u00edm ostr\u00fdch hr\u00e1n alebo nepravideln\u00fdch povrchov na mieste prechodu a dod\u00e1vaj\u00fa z\u00e1braldiu celkov\u00fd vzh\u013aad. Mont\u00e1\u017e prechodu je dosiahnut\u00e1 pomocou lepen\u00e9ho spoja.<\/p>\n","protected":false},"excerpt":{"rendered":"<p>Materi\u00e1l: Nerez AISI 304, Povrchov\u00e1 \u00faprava: Brus, V\u00fdpl\u0148: d10, Phi: 10, D: 12<\/p>\n","protected":false},"featured_media":0,"comment_status":"closed","ping_status":"open","template":"","meta":[],"product_brand":[],"product_cat":[15],"product_tag":[],"class_list":{"0":"post-7524","1":"product","2":"type-product","3":"status-publish","5":"product_cat-uncategorized","7":"first","8":"onbackorder","9":"sale","10":"purchasable","11":"product-type-simple"},"_links":{"self":[{"href":"https:\/\/aramiso-test.verteco.app\/index.php?rest_route=\/wp\/v2\/product\/7524","targetHints":{"allow":["GET"]}}],"collection":[{"href":"https:\/\/aramiso-test.verteco.app\/index.php?rest_route=\/wp\/v2\/product"}],"about":[{"href":"https:\/\/aramiso-test.verteco.app\/index.php?rest_route=\/wp\/v2\/types\/product"}],"replies":[{"embeddable":true,"href":"https:\/\/aramiso-test.verteco.app\/index.php?rest_route=%2Fwp%2Fv2%2Fcomments&post=7524"}],"wp:attachment":[{"href":"https:\/\/aramiso-test.verteco.app\/index.php?rest_route=%2Fwp%2Fv2%2Fmedia&parent=7524"}],"wp:term":[{"taxonomy":"product_brand","embeddable":true,"href":"https:\/\/aramiso-test.verteco.app\/index.php?rest_route=%2Fwp%2Fv2%2Fproduct_brand&post=7524"},{"taxonomy":"product_cat","embeddable":true,"href":"https:\/\/aramiso-test.verteco.app\/index.php?rest_route=%2Fwp%2Fv2%2Fproduct_cat&post=7524"},{"taxonomy":"product_tag","embeddable":true,"href":"https:\/\/aramiso-test.verteco.app\/index.php?rest_route=%2Fwp%2Fv2%2Fproduct_tag&post=7524"}],"curies":[{"name":"wp","href":"https:\/\/api.w.org\/{rel}","templated":true}]}}