{"id":7520,"date":"2025-08-03T11:08:25","date_gmt":"2025-08-03T11:08:25","guid":{"rendered":"https:\/\/aramiso-test.verteco.app\/?product=prechod-vyplne-uhlovo-nastavitelny"},"modified":"2025-08-03T11:08:32","modified_gmt":"2025-08-03T11:08:32","slug":"prechod-vyplne-uhlovo-nastavitelny","status":"publish","type":"product","link":"https:\/\/aramiso-test.verteco.app\/?product=prechod-vyplne-uhlovo-nastavitelny","title":{"rendered":"Prechod v\u00fdplne uhlovo nastavite\u013en\u00fd"},"content":{"rendered":"<p>Prechod nerezovej v\u00fdplne je prvok pou\u017e\u00edvan\u00fd na estetick\u00fd a funk\u010dn\u00fd prechod medzi dvoma v\u00fdpl\u0148ami. M\u00f4\u017ee ma\u0165 r\u00f4zne tvary a dizajny, ktor\u00e9 s\u00fa navrhnut\u00e9 tak, aby esteticky prech\u00e1dzali medzi dvomi povrchmi. M\u00f4\u017ee \u00eds\u0165 o hladk\u00e9 zakriven\u00e9 prechody, rovn\u00e9 hrany alebo in\u00e9 tvary prisp\u00f4soben\u00e9 konkr\u00e9tnym potreb\u00e1m. Mont\u00e1\u017e prechodnej nerezovej v\u00fdplne je jednoduch\u00e1, m\u00f4\u017ee by\u0165 vykonan\u00e1 pomocou lepen\u00e9ho spoja. D\u00f4le\u017eit\u00fdm aspektom prechodu nerezovej v\u00fdplne je jeho estetick\u00fd vzh\u013ead, ktor\u00fd by mal ladi\u0165 s okolit\u00fdm prostred\u00edm a prispieva\u0165 k celkov\u00e9mu dizajnu. Prechodn\u00e1 nerezov\u00e1 v\u00fdpl\u0148 je d\u00f4le\u017eit\u00fdm dizajnov\u00fdm prvkom, ktor\u00fd prid\u00e1va hodnotu a \u0161t\u00fdl r\u00f4znym kon\u0161trukci\u00e1m. Prechod v\u00fdplne je nastavite\u013en\u00fd \u00b1165\u00b0.<\/p>\n","protected":false},"excerpt":{"rendered":"<p>Materi\u00e1l: Nerez AISI 304, Povrchov\u00e1 \u00faprava: Brus, V\u00fdpl\u0148: d12, L: 70, Phi: 12, D: 14, h: 15<\/p>\n","protected":false},"featured_media":0,"comment_status":"closed","ping_status":"open","template":"","meta":[],"product_brand":[],"product_cat":[15],"product_tag":[],"class_list":{"0":"post-7520","1":"product","2":"type-product","3":"status-publish","5":"product_cat-uncategorized","7":"first","8":"onbackorder","9":"sale","10":"purchasable","11":"product-type-simple"},"_links":{"self":[{"href":"https:\/\/aramiso-test.verteco.app\/index.php?rest_route=\/wp\/v2\/product\/7520","targetHints":{"allow":["GET"]}}],"collection":[{"href":"https:\/\/aramiso-test.verteco.app\/index.php?rest_route=\/wp\/v2\/product"}],"about":[{"href":"https:\/\/aramiso-test.verteco.app\/index.php?rest_route=\/wp\/v2\/types\/product"}],"replies":[{"embeddable":true,"href":"https:\/\/aramiso-test.verteco.app\/index.php?rest_route=%2Fwp%2Fv2%2Fcomments&post=7520"}],"wp:attachment":[{"href":"https:\/\/aramiso-test.verteco.app\/index.php?rest_route=%2Fwp%2Fv2%2Fmedia&parent=7520"}],"wp:term":[{"taxonomy":"product_brand","embeddable":true,"href":"https:\/\/aramiso-test.verteco.app\/index.php?rest_route=%2Fwp%2Fv2%2Fproduct_brand&post=7520"},{"taxonomy":"product_cat","embeddable":true,"href":"https:\/\/aramiso-test.verteco.app\/index.php?rest_route=%2Fwp%2Fv2%2Fproduct_cat&post=7520"},{"taxonomy":"product_tag","embeddable":true,"href":"https:\/\/aramiso-test.verteco.app\/index.php?rest_route=%2Fwp%2Fv2%2Fproduct_tag&post=7520"}],"curies":[{"name":"wp","href":"https:\/\/api.w.org\/{rel}","templated":true}]}}