{"id":7512,"date":"2025-08-03T11:08:02","date_gmt":"2025-08-03T11:08:02","guid":{"rendered":"https:\/\/aramiso-test.verteco.app\/?product=prechod-vyplne-koleno-3"},"modified":"2025-08-03T11:08:23","modified_gmt":"2025-08-03T11:08:23","slug":"prechod-vyplne-koleno-3","status":"publish","type":"product","link":"https:\/\/aramiso-test.verteco.app\/?product=prechod-vyplne-koleno-3","title":{"rendered":"Prechod v\u00fdplne &#8211; koleno"},"content":{"rendered":"<p>Prechod v\u00fdplne sl\u00fa\u017ei na sp\u00e1janie v\u00fdplne z\u00e1bradlia. D\u00f4le\u017eit\u00fdm aspektom prechodu v\u00fdplne je jeho estetick\u00fd vzh\u013ead, ktor\u00fd by mal ladi\u0165 s okolit\u00fdm prostred\u00edm a prispieva\u0165 k celkov\u00e9mu dizajnu. Mont\u00e1\u017e prechodu v\u00fdplne sa vykon\u00e1va pomocou lepen\u00e9ho spoja, ktor\u00fd zabezpe\u010duje stabiln\u00fd a spo\u013eahliv\u00fd prechod medzi v\u00fdpl\u0148ami.<\/p>\n","protected":false},"excerpt":{"rendered":"<p>Materi\u00e1l: Nerez AISI 316, Povrchov\u00e1 \u00faprava: Lesk, V\u00fdpl\u0148: d12, Phi: 12&#215;1,5, H: 9<\/p>\n","protected":false},"featured_media":0,"comment_status":"closed","ping_status":"open","template":"","meta":[],"product_brand":[],"product_cat":[15],"product_tag":[],"class_list":{"0":"post-7512","1":"product","2":"type-product","3":"status-publish","5":"product_cat-uncategorized","7":"first","8":"onbackorder","9":"sale","10":"purchasable","11":"product-type-simple"},"_links":{"self":[{"href":"https:\/\/aramiso-test.verteco.app\/index.php?rest_route=\/wp\/v2\/product\/7512","targetHints":{"allow":["GET"]}}],"collection":[{"href":"https:\/\/aramiso-test.verteco.app\/index.php?rest_route=\/wp\/v2\/product"}],"about":[{"href":"https:\/\/aramiso-test.verteco.app\/index.php?rest_route=\/wp\/v2\/types\/product"}],"replies":[{"embeddable":true,"href":"https:\/\/aramiso-test.verteco.app\/index.php?rest_route=%2Fwp%2Fv2%2Fcomments&post=7512"}],"wp:attachment":[{"href":"https:\/\/aramiso-test.verteco.app\/index.php?rest_route=%2Fwp%2Fv2%2Fmedia&parent=7512"}],"wp:term":[{"taxonomy":"product_brand","embeddable":true,"href":"https:\/\/aramiso-test.verteco.app\/index.php?rest_route=%2Fwp%2Fv2%2Fproduct_brand&post=7512"},{"taxonomy":"product_cat","embeddable":true,"href":"https:\/\/aramiso-test.verteco.app\/index.php?rest_route=%2Fwp%2Fv2%2Fproduct_cat&post=7512"},{"taxonomy":"product_tag","embeddable":true,"href":"https:\/\/aramiso-test.verteco.app\/index.php?rest_route=%2Fwp%2Fv2%2Fproduct_tag&post=7512"}],"curies":[{"name":"wp","href":"https:\/\/api.w.org\/{rel}","templated":true}]}}