{"id":7509,"date":"2025-10-26T12:02:07","date_gmt":"2025-10-26T12:02:07","guid":{"rendered":"https:\/\/aramiso-test.verteco.app\/?product=prechod-vyplne-koleno"},"modified":"2025-10-26T12:02:11","modified_gmt":"2025-10-26T12:02:11","slug":"prechod-vyplne-koleno","status":"publish","type":"product","link":"https:\/\/aramiso-test.verteco.app\/?product=prechod-vyplne-koleno","title":{"rendered":"Prechod v\u00fdplne &#8211; koleno"},"content":{"rendered":"<p>Prechod v\u00fdplne ( koleno &#8211; 90\u00b0) pre z\u00e1bradlie je technick\u00fd a dizajnov\u00fd prvok, ktor\u00fd umo\u017e\u0148uje hladk\u00fd a plynul\u00fd prechod medzi dvomi \u010das\u0165ami pr\u00fatovej v\u00fdplne pou\u017eit\u00fdmi v z\u00e1bradl\u00ed. Sl\u00fa\u017ei na prepojenie v\u00fdplne zabradlia v rohoch, pod uhlom 90\u00b0, aby sa zabezpe\u010dila zmena smeru zabradlia a hladk\u00fd prechod medzi dvoma \u010das\u0165ami z\u00e1bradlia. Tieto komponenty zni\u017euju riziko \u00farazu odstr\u00e1nen\u00edm ostr\u00fdch hr\u00e1n alebo nepravideln\u00fdch povrchov na mieste prechodu a dod\u00e1vaj\u00fa z\u00e1braldiu celkov\u00fd vzh\u013aad. Mont\u00e1\u017e prechodu je dosiahnut\u00e1 pomocou lepen\u00e9ho spoja.<\/p>\n","protected":false},"excerpt":{"rendered":"<p>Materi\u00e1l: Nerez AISI 304, Povrchov\u00e1 \u00faprava: Brus, V\u00fdpl\u0148: d16, Phi: 16&#215;1,5, H: 11<\/p>\n","protected":false},"featured_media":0,"comment_status":"closed","ping_status":"open","template":"","meta":[],"product_brand":[],"product_cat":[15],"product_tag":[],"class_list":{"0":"post-7509","1":"product","2":"type-product","3":"status-publish","5":"product_cat-uncategorized","7":"first","8":"onbackorder","9":"sale","10":"purchasable","11":"product-type-simple"},"_links":{"self":[{"href":"https:\/\/aramiso-test.verteco.app\/index.php?rest_route=\/wp\/v2\/product\/7509","targetHints":{"allow":["GET"]}}],"collection":[{"href":"https:\/\/aramiso-test.verteco.app\/index.php?rest_route=\/wp\/v2\/product"}],"about":[{"href":"https:\/\/aramiso-test.verteco.app\/index.php?rest_route=\/wp\/v2\/types\/product"}],"replies":[{"embeddable":true,"href":"https:\/\/aramiso-test.verteco.app\/index.php?rest_route=%2Fwp%2Fv2%2Fcomments&post=7509"}],"wp:attachment":[{"href":"https:\/\/aramiso-test.verteco.app\/index.php?rest_route=%2Fwp%2Fv2%2Fmedia&parent=7509"}],"wp:term":[{"taxonomy":"product_brand","embeddable":true,"href":"https:\/\/aramiso-test.verteco.app\/index.php?rest_route=%2Fwp%2Fv2%2Fproduct_brand&post=7509"},{"taxonomy":"product_cat","embeddable":true,"href":"https:\/\/aramiso-test.verteco.app\/index.php?rest_route=%2Fwp%2Fv2%2Fproduct_cat&post=7509"},{"taxonomy":"product_tag","embeddable":true,"href":"https:\/\/aramiso-test.verteco.app\/index.php?rest_route=%2Fwp%2Fv2%2Fproduct_tag&post=7509"}],"curies":[{"name":"wp","href":"https:\/\/api.w.org\/{rel}","templated":true}]}}