{"id":7501,"date":"2025-08-03T11:08:02","date_gmt":"2025-08-03T11:08:02","guid":{"rendered":"https:\/\/aramiso-test.verteco.app\/?product=drziak-madla-kotvenie-na-stenu-23"},"modified":"2025-08-03T11:08:11","modified_gmt":"2025-08-03T11:08:11","slug":"drziak-madla-kotvenie-na-stenu-23","status":"publish","type":"product","link":"https:\/\/aramiso-test.verteco.app\/?product=drziak-madla-kotvenie-na-stenu-23","title":{"rendered":"Dr\u017eiak madla &#8211; kotvenie na stenu"},"content":{"rendered":"<p>Dr\u017eiak madla na stenu. Kotvenie drziaka na stenu pomocou troch otvorov na prirube &#8211; montazny spoj.<\/p>\n","protected":false},"excerpt":{"rendered":"<p>Materi\u00e1l: Nerez AISI 316, Povrchov\u00e1 \u00faprava: Brus, St\u013apik: D48,3&#215;2, Madlo: D48,3, Kotvenie: Na stenu, Phi: 48,3, b: 28, D: 100, d: 6,5, D1: 77<\/p>\n","protected":false},"featured_media":0,"comment_status":"closed","ping_status":"open","template":"","meta":[],"product_brand":[],"product_cat":[15],"product_tag":[],"class_list":{"0":"post-7501","1":"product","2":"type-product","3":"status-publish","5":"product_cat-uncategorized","7":"first","8":"onbackorder","9":"sale","10":"purchasable","11":"product-type-simple"},"_links":{"self":[{"href":"https:\/\/aramiso-test.verteco.app\/index.php?rest_route=\/wp\/v2\/product\/7501","targetHints":{"allow":["GET"]}}],"collection":[{"href":"https:\/\/aramiso-test.verteco.app\/index.php?rest_route=\/wp\/v2\/product"}],"about":[{"href":"https:\/\/aramiso-test.verteco.app\/index.php?rest_route=\/wp\/v2\/types\/product"}],"replies":[{"embeddable":true,"href":"https:\/\/aramiso-test.verteco.app\/index.php?rest_route=%2Fwp%2Fv2%2Fcomments&post=7501"}],"wp:attachment":[{"href":"https:\/\/aramiso-test.verteco.app\/index.php?rest_route=%2Fwp%2Fv2%2Fmedia&parent=7501"}],"wp:term":[{"taxonomy":"product_brand","embeddable":true,"href":"https:\/\/aramiso-test.verteco.app\/index.php?rest_route=%2Fwp%2Fv2%2Fproduct_brand&post=7501"},{"taxonomy":"product_cat","embeddable":true,"href":"https:\/\/aramiso-test.verteco.app\/index.php?rest_route=%2Fwp%2Fv2%2Fproduct_cat&post=7501"},{"taxonomy":"product_tag","embeddable":true,"href":"https:\/\/aramiso-test.verteco.app\/index.php?rest_route=%2Fwp%2Fv2%2Fproduct_tag&post=7501"}],"curies":[{"name":"wp","href":"https:\/\/api.w.org\/{rel}","templated":true}]}}