{"id":7500,"date":"2025-08-03T11:08:02","date_gmt":"2025-08-03T11:08:02","guid":{"rendered":"https:\/\/aramiso-test.verteco.app\/?product=drziak-madla-kotvenie-na-stlpik"},"modified":"2025-08-03T11:08:10","modified_gmt":"2025-08-03T11:08:10","slug":"drziak-madla-kotvenie-na-stlpik","status":"publish","type":"product","link":"https:\/\/aramiso-test.verteco.app\/?product=drziak-madla-kotvenie-na-stlpik","title":{"rendered":"Dr\u017eiak madla &#8211; kotvenie na stlpik"},"content":{"rendered":"<p>Dr\u017eiak madla kotven\u00fd na st\u013apik je k\u013e\u00fa\u010dov\u00fd komponent z\u00e1bradlia, ktor\u00fd zabezpe\u010duje pevn\u00e9 a stabiln\u00e9 pripojenie madla k vertik\u00e1lnemu st\u013apiku. Tento dr\u017eiak sa pou\u017e\u00edva na podporu madla, udr\u017eiavanie jeho polohy a prenos za\u0165a\u017eenia na nosn\u00fa kon\u0161trukciu. Dr\u017eiaky s\u00fa navrhnut\u00e9 tak, aby boli funk\u010dn\u00e9 a esteticky pr\u00edjemn\u00e9, pri\u010dom zabezpe\u010duj\u00fa bezpe\u010dn\u00e9 uchopenie madla.<\/p>\n","protected":false},"excerpt":{"rendered":"<p>Materi\u00e1l: Nerez AISI 304, Povrchov\u00e1 \u00faprava: Brus, St\u013apik: D42,4&#215;2, L: 34, Madlo: D33,7, Phi: 42,4, D: 33,7<\/p>\n","protected":false},"featured_media":0,"comment_status":"closed","ping_status":"open","template":"","meta":[],"product_brand":[],"product_cat":[15],"product_tag":[],"class_list":{"0":"post-7500","1":"product","2":"type-product","3":"status-publish","5":"product_cat-uncategorized","7":"first","8":"onbackorder","9":"sale","10":"purchasable","11":"product-type-simple"},"_links":{"self":[{"href":"https:\/\/aramiso-test.verteco.app\/index.php?rest_route=\/wp\/v2\/product\/7500","targetHints":{"allow":["GET"]}}],"collection":[{"href":"https:\/\/aramiso-test.verteco.app\/index.php?rest_route=\/wp\/v2\/product"}],"about":[{"href":"https:\/\/aramiso-test.verteco.app\/index.php?rest_route=\/wp\/v2\/types\/product"}],"replies":[{"embeddable":true,"href":"https:\/\/aramiso-test.verteco.app\/index.php?rest_route=%2Fwp%2Fv2%2Fcomments&post=7500"}],"wp:attachment":[{"href":"https:\/\/aramiso-test.verteco.app\/index.php?rest_route=%2Fwp%2Fv2%2Fmedia&parent=7500"}],"wp:term":[{"taxonomy":"product_brand","embeddable":true,"href":"https:\/\/aramiso-test.verteco.app\/index.php?rest_route=%2Fwp%2Fv2%2Fproduct_brand&post=7500"},{"taxonomy":"product_cat","embeddable":true,"href":"https:\/\/aramiso-test.verteco.app\/index.php?rest_route=%2Fwp%2Fv2%2Fproduct_cat&post=7500"},{"taxonomy":"product_tag","embeddable":true,"href":"https:\/\/aramiso-test.verteco.app\/index.php?rest_route=%2Fwp%2Fv2%2Fproduct_tag&post=7500"}],"curies":[{"name":"wp","href":"https:\/\/api.w.org\/{rel}","templated":true}]}}