{"id":7487,"date":"2025-10-26T12:01:05","date_gmt":"2025-10-26T12:01:05","guid":{"rendered":"https:\/\/aramiso-test.verteco.app\/?product=drziak-madla-kotvenie-na-stenu-12"},"modified":"2025-10-26T12:01:09","modified_gmt":"2025-10-26T12:01:09","slug":"drziak-madla-kotvenie-na-stenu-12","status":"publish","type":"product","link":"https:\/\/aramiso-test.verteco.app\/?product=drziak-madla-kotvenie-na-stenu-12","title":{"rendered":"Dr\u017eiak madla &#8211; kotvenie na stenu"},"content":{"rendered":"<p>Dr\u017eiak madla kotven\u00fd na stenu je d\u00f4le\u017eit\u00fd komponent z\u00e1bradlia, ktor\u00fd umo\u017e\u0148uje pevn\u00e9 a bezpe\u010dn\u00e9 pripevnenie madla priamo na stenu. Tento typ dr\u017eiaka je \u010dasto pou\u017e\u00edvan\u00fd v interi\u00e9rov\u00fdch aj exteri\u00e9rov\u00fdch aplik\u00e1ci\u00e1ch, kde zabradlie siaha od steny po stenu a z praktick\u00e9 h\u013eadiska je lep\u0161ie kotvi\u0165 ho do steny. Tieto dr\u017eiaky s\u00fa navrhnut\u00e9 tak, aby boli odoln\u00e9, spo\u013eahliv\u00e9 a z\u00e1rove\u0148 esteticky pr\u00edjemn\u00e9, \u010d\u00edm prispievaj\u00fa k celkov\u00e9mu vzh\u013eadu a bezpe\u010dnosti z\u00e1bradlia. Dr\u017eiaky sa pripev\u0148uj\u00fa pomocou skrutiek a otvorov na pr\u00edrube priamo do stenu.<\/p>\n","protected":false},"excerpt":{"rendered":"<p>Materi\u00e1l: Nerez AISI 304, Povrchov\u00e1 \u00faprava: Lesk, St\u013apik: D42,4&#215;2, Madlo: D42,4, Kotvenie: Na stenu, Phi: 42,4, b: 30, D: 95, d: 5, D1: 71<\/p>\n","protected":false},"featured_media":0,"comment_status":"closed","ping_status":"open","template":"","meta":[],"product_brand":[],"product_cat":[15],"product_tag":[],"class_list":{"0":"post-7487","1":"product","2":"type-product","3":"status-publish","5":"product_cat-uncategorized","7":"first","8":"onbackorder","9":"sale","10":"purchasable","11":"product-type-simple"},"_links":{"self":[{"href":"https:\/\/aramiso-test.verteco.app\/index.php?rest_route=\/wp\/v2\/product\/7487","targetHints":{"allow":["GET"]}}],"collection":[{"href":"https:\/\/aramiso-test.verteco.app\/index.php?rest_route=\/wp\/v2\/product"}],"about":[{"href":"https:\/\/aramiso-test.verteco.app\/index.php?rest_route=\/wp\/v2\/types\/product"}],"replies":[{"embeddable":true,"href":"https:\/\/aramiso-test.verteco.app\/index.php?rest_route=%2Fwp%2Fv2%2Fcomments&post=7487"}],"wp:attachment":[{"href":"https:\/\/aramiso-test.verteco.app\/index.php?rest_route=%2Fwp%2Fv2%2Fmedia&parent=7487"}],"wp:term":[{"taxonomy":"product_brand","embeddable":true,"href":"https:\/\/aramiso-test.verteco.app\/index.php?rest_route=%2Fwp%2Fv2%2Fproduct_brand&post=7487"},{"taxonomy":"product_cat","embeddable":true,"href":"https:\/\/aramiso-test.verteco.app\/index.php?rest_route=%2Fwp%2Fv2%2Fproduct_cat&post=7487"},{"taxonomy":"product_tag","embeddable":true,"href":"https:\/\/aramiso-test.verteco.app\/index.php?rest_route=%2Fwp%2Fv2%2Fproduct_tag&post=7487"}],"curies":[{"name":"wp","href":"https:\/\/api.w.org\/{rel}","templated":true}]}}